{"id":206,"date":"2018-05-25T04:39:02","date_gmt":"2018-05-25T04:39:02","guid":{"rendered":"http:\/\/multipurpose.loc\/hotel\/?page_id=7"},"modified":"2025-01-09T18:42:34","modified_gmt":"2025-01-09T18:42:34","slug":"home","status":"publish","type":"page","link":"https:\/\/lalagunagalapagoshotel.com\/es\/","title":{"rendered":"INICIO"},"content":{"rendered":"<div class=\"wpb-content-wrapper\">[vc_row full_width=&#8221;stretch_row&#8221; shadow_x_offset=&#8221;0&#8243; shadow_y_offset=&#8221;0&#8243; shadow_blur=&#8221;0&#8243; shadow_spread=&#8221;0&#8243; shadow_color=&#8221;&#8221; el_class=&#8221;overlap&#8221;][vc_column shadow_x_offset=&#8221;0&#8243; shadow_y_offset=&#8221;0&#8243; shadow_blur=&#8221;0&#8243; shadow_spread=&#8221;0&#8243; offset=&#8221;vc_col-lg-offset-1 vc_col-lg-10 vc_col-md-offset-1 vc_col-md-10 vc_col-xs-12&#8243;][rev_slider_vc alias=&#8221;home1&#8243;][\/vc_column][\/vc_row][vc_section css=&#8221;.vc_custom_1581629294500{margin-top: -35px !important;background-image: url(https:\/\/lalagunagalapagoshotel.com\/es\/wp-content\/uploads\/sites\/3\/2020\/02\/Menu4.jpg?id=1588) !important;}&#8221; el_class=&#8221;fixed_bg&#8221;][vc_row full_width=&#8221;stretch_row&#8221; shadow_x_offset=&#8221;0&#8243; shadow_y_offset=&#8221;0&#8243; shadow_blur=&#8221;0&#8243; shadow_spread=&#8221;0&#8243; shadow_color=&#8221;&#8221; el_class=&#8221;overlap&#8221; css=&#8221;.vc_custom_1533026956511{margin-right: 0px !important;margin-left: 0px !important;padding-right: 15px !important;padding-left: 15px !important;}&#8221;][vc_column css_animation=&#8221;none&#8221; shadow_x_offset=&#8221;&#8221; shadow_y_offset=&#8221;&#8221; shadow_blur=&#8221;&#8221; shadow_spread=&#8221;&#8221; shadow_color=&#8221;&#8221; offset=&#8221;vc_col-lg-offset-0 vc_col-lg-12 vc_col-md-offset-0 vc_col-md-12 vc_col-xs-12&#8243; css=&#8221;.vc_custom_1538048195465{margin-top: -101px !important;}&#8221;][\/vc_column][\/vc_row][vc_row][vc_column][stm_spacer height=&#8221;124&#8243; height_tablet=&#8221;100&#8243; height_mobile=&#8221;100&#8243;][vc_custom_heading text=&#8221;\u00bfPor qu\u00e9 ir La Laguna Galapagos Hotel?&#8221; font_container=&#8221;tag:h2|text_align:center&#8221; use_theme_fonts=&#8221;yes&#8221; heading_icon=&#8221;stmicon-haircut&#8221; heading_icon_color=&#8221;ttc&#8221;][\/vc_column][\/vc_row][vc_row equal_height=&#8221;yes&#8221; shadow_x_offset=&#8221;0&#8243; shadow_y_offset=&#8221;0&#8243; shadow_blur=&#8221;0&#8243; shadow_spread=&#8221;0&#8243; shadow_color=&#8221;&#8221; css=&#8221;.vc_custom_1538027219361{padding-top: 27px !important;padding-right: 30px !important;padding-left: 30px !important;}&#8221; el_class=&#8221;sm_ml_0 sm_mr_0&#8243;][vc_column css_animation=&#8221;none&#8221; width=&#8221;1\/2&#8243; shadow_x_offset=&#8221;0&#8243; shadow_y_offset=&#8221;0&#8243; shadow_blur=&#8221;0&#8243; shadow_spread=&#8221;0&#8243; shadow_color=&#8221;&#8221; css=&#8221;.vc_custom_1736448148853{background-image: url(https:\/\/lalagunagalapagoshotel.com\/es\/wp-content\/uploads\/sites\/3\/2025\/01\/lalaguna1-1.jpeg?id=1678) !important;background-position: center !important;background-repeat: no-repeat !important;background-size: cover !important;}&#8221; offset=&#8221;vc_col-lg-offset-0 vc_col-lg-6 vc_col-md-offset-0 vc_col-md-6 vc_col-xs-12&#8243; el_class=&#8221;stm_zoom_bg&#8221;][stm_spacer height=&#8221;0&#8243; height_tablet=&#8221;0&#8243; height_mobile=&#8221;350&#8243;][\/vc_column][vc_column css_animation=&#8221;none&#8221; width=&#8221;1\/2&#8243; shadow_x_offset=&#8221;0&#8243; shadow_y_offset=&#8221;0&#8243; shadow_blur=&#8221;0&#8243; shadow_spread=&#8221;0&#8243; shadow_color=&#8221;&#8221; css=&#8221;.vc_custom_1538027326972{padding-top: 0px !important;background-color: #ffffff !important;}&#8221; offset=&#8221;vc_col-lg-6 vc_col-md-6 vc_col-xs-12&#8243;][vc_row_inner][vc_column_inner shadow_x_offset=&#8221;0&#8243; shadow_y_offset=&#8221;0&#8243; shadow_blur=&#8221;0&#8243; shadow_spread=&#8221;0&#8243; shadow_color=&#8221;&#8221; offset=&#8221;vc_col-lg-offset-0 vc_col-lg-12 vc_col-md-offset-0 vc_col-md-12 vc_col-xs-12&#8243; css=&#8221;.vc_custom_1538027472213{padding-top: 0px !important;}&#8221;][stm_spacer height=&#8221;73&#8243; height_mobile=&#8221;50&#8243; height_tablet_landscape=&#8221;0&#8243; height_tablet=&#8221;60&#8243;][vc_custom_heading text=&#8221;UBICACI\u00d3N&#8221; font_container=&#8221;tag:h4|text_align:center&#8221; use_theme_fonts=&#8221;yes&#8221; css=&#8221;.vc_custom_1581011680625{margin-bottom: 30px !important;}&#8221;][vc_column_text css=&#8221;.vc_custom_1581011775790{margin-bottom: 44px !important;padding-right: 45px !important;padding-left: 45px !important;}&#8221; el_class=&#8221;sm_pl_15 sm_pr_15&#8243;]\n<p style=\"text-align: center;\">La ubicaci\u00f3n es siempre un factor importante. La Laguna Galapagos Hotel goza de una ubicaci\u00f3n ideal en la isla Isabela, una de las m\u00e1s bellas del archipi\u00e9lago. Los hu\u00e9spedes podr\u00e1n disfrutar de las vistas desde la laguna de Flamingos, situada justo enfrente del hotel, o dar un paseo de 2 cuadras hacia la playa. Estas son algunas de las razones por las que nos eliges para tu viaje a Gal\u00e1pagos:<\/p>\n[\/vc_column_text][stm_button button_style=&#8221;outline&#8221; button_size=&#8221;lg&#8221; button_pos=&#8221;center&#8221; button_icon_pos=&#8221;left&#8221; button_icon=&#8221;stmicon-arrow_forward&#8221; button_icon_class=&#8221;custom&#8221; button_icon_color=&#8221;#ffac41&#8243; button_icon_color_hover=&#8221;#ffffff&#8221; button_icon_size=&#8221;20&#8243; link=&#8221;url:%23|||&#8221;][stm_spacer height=&#8221;60&#8243; height_mobile=&#8221;40&#8243; height_tablet_landscape=&#8221;0&#8243; height_tablet=&#8221;50&#8243;][\/vc_column_inner][\/vc_row_inner][\/vc_column][\/vc_row][vc_row][vc_column][stm_spacer height=&#8221;0&#8243; height_tablet=&#8221;0&#8243; height_mobile=&#8221;50&#8243;][\/vc_column][\/vc_row][vc_row equal_height=&#8221;yes&#8221; shadow_x_offset=&#8221;0&#8243; shadow_y_offset=&#8221;0&#8243; shadow_blur=&#8221;0&#8243; shadow_spread=&#8221;0&#8243; shadow_color=&#8221;&#8221; css=&#8221;.vc_custom_1538027425183{padding-right: 30px !important;padding-left: 30px !important;}&#8221; el_class=&#8221;sm_ml_0 sm_mr_0&#8243;][vc_column css_animation=&#8221;none&#8221; width=&#8221;1\/2&#8243; shadow_x_offset=&#8221;0&#8243; shadow_y_offset=&#8221;0&#8243; shadow_blur=&#8221;0&#8243; shadow_spread=&#8221;0&#8243; shadow_color=&#8221;&#8221; css=&#8221;.vc_custom_1538027370250{padding-top: 0px !important;background-color: #ffffff !important;}&#8221; offset=&#8221;vc_col-lg-offset-0 vc_col-lg-6 vc_col-md-offset-0 vc_col-md-6 vc_col-xs-12&#8243;][vc_row_inner][vc_column_inner shadow_x_offset=&#8221;0&#8243; shadow_y_offset=&#8221;0&#8243; shadow_blur=&#8221;0&#8243; shadow_spread=&#8221;0&#8243; shadow_color=&#8221;&#8221; offset=&#8221;vc_col-lg-offset-0 vc_col-lg-12 vc_col-md-offset-0 vc_col-md-12 vc_col-xs-12&#8243; css=&#8221;.vc_custom_1538027485079{padding-top: 0px !important;}&#8221;][stm_spacer height=&#8221;73&#8243; height_mobile=&#8221;50&#8243; height_tablet_landscape=&#8221;0&#8243; height_tablet=&#8221;60&#8243;][vc_custom_heading text=&#8221;RAZONES&#8221; font_container=&#8221;tag:h4|text_align:center&#8221; use_theme_fonts=&#8221;yes&#8221; css=&#8221;.vc_custom_1581011799219{margin-bottom: 30px !important;}&#8221;][vc_column_text css=&#8221;.vc_custom_1581011935327{margin-bottom: 44px !important;padding-right: 45px !important;padding-left: 45px !important;}&#8221; el_class=&#8221;sm_pl_15 sm_pr_15&#8243;]\n<table width=\"873\">\n<tbody>\n<tr>\n<td width=\"426\">\n<ul>\n<li>Situado a dos cuadras de la pr\u00edstina playa de arena blanca<\/li>\n<\/ul>\n<\/td>\n<td width=\"326\">\n<ul>\n<li>Jacuzzi en la terraza con una vista incre\u00edble<\/li>\n<\/ul>\n<\/td>\n<\/tr>\n<tr>\n<td width=\"426\">\n<ul>\n<li>Generador de energ\u00eda sostenible a trav\u00e9s de paneles solares<\/li>\n<\/ul>\n<\/td>\n<td width=\"326\">\n<ul>\n<li>Restaurante especializado en comida ecuatoriana<\/li>\n<\/ul>\n<\/td>\n<\/tr>\n<tr>\n<td width=\"426\">\n<ul>\n<li>Terraza con una incre\u00edble vista de 360 de Isabela<\/li>\n<\/ul>\n<\/td>\n<td width=\"326\">\n<ul>\n<li>Aire acondicionado en todas las habitaciones<\/li>\n<\/ul>\n<\/td>\n<\/tr>\n<tr>\n<td width=\"426\">\n<ul>\n<li>Hospitalidad y un personal servicial<\/li>\n<\/ul>\n<\/td>\n<td width=\"326\">\n<ul>\n<li>Habitaciones amplias e iluminadas<\/li>\n<\/ul>\n<\/td>\n<\/tr>\n<\/tbody>\n<\/table>\n[\/vc_column_text][stm_spacer height=&#8221;60&#8243; height_mobile=&#8221;40&#8243; height_tablet_landscape=&#8221;0&#8243; height_tablet=&#8221;50&#8243;][\/vc_column_inner][\/vc_row_inner][\/vc_column][vc_column css_animation=&#8221;none&#8221; width=&#8221;1\/2&#8243; shadow_x_offset=&#8221;0&#8243; shadow_y_offset=&#8221;0&#8243; shadow_blur=&#8221;0&#8243; shadow_spread=&#8221;0&#8243; shadow_color=&#8221;&#8221; css=&#8221;.vc_custom_1581632404693{background-image: url(https:\/\/lalagunagalapagoshotel.com\/es\/wp-content\/uploads\/sites\/3\/2020\/02\/Menu3.jpg?id=1623) !important;background-position: center !important;background-repeat: no-repeat !important;background-size: cover !important;}&#8221; offset=&#8221;vc_col-lg-offset-0 vc_col-lg-6 vc_col-md-offset-0 vc_col-md-6 vc_col-xs-12&#8243; el_class=&#8221;stm_zoom_bg&#8221;][stm_spacer height=&#8221;0&#8243; height_tablet=&#8221;0&#8243; height_mobile=&#8221;350&#8243;][vc_column_text]\n<div style=\"text-align: center;\"><ins class=\"bookingaff\" data-aid=\"1284655\" data-target_aid=\"1284655\" data-prod=\"nsb\" data-width=\"320\" data-height=\"500\" data-lang=\"es\" data-dest_id=\"334434\" data-dest_type=\"hotel\"><br \/>\n<!-- Anything inside will go away once widget is loaded. --><br \/>\n<a href=\"\/\/www.booking.com?aid=1284655\">Booking.com<\/a><br \/>\n<\/ins><br \/>\n<script type=\"text\/javascript\">\n    (function(d, sc, u) {\n      var s = d.createElement(sc), p = d.getElementsByTagName(sc)[0];\n      s.type = 'text\/javascript';\n      s.async = true;\n      s.src = u + '?v=' + (+new Date());\n      p.parentNode.insertBefore(s,p);\n      })(document, 'script', '\/\/aff.bstatic.com\/static\/affiliate_base\/js\/flexiproduct.js');\n<\/script><\/div>\n[\/vc_column_text][\/vc_column][\/vc_row][vc_row][vc_column][stm_spacer height=&#8221;0&#8243; height_tablet=&#8221;0&#8243; height_mobile=&#8221;50&#8243;][\/vc_column][\/vc_row][vc_row][vc_column][stm_spacer height=&#8221;90&#8243; height_tablet=&#8221;70&#8243; height_mobile=&#8221;50&#8243;][\/vc_column][\/vc_row][\/vc_section][vc_section css=&#8221;.vc_custom_1537869517070{padding-top: 0px !important;}&#8221;][vc_row full_width=&#8221;stretch_row&#8221; shadow_x_offset=&#8221;0&#8243; shadow_y_offset=&#8221;0&#8243; shadow_blur=&#8221;0&#8243; shadow_spread=&#8221;0&#8243; shadow_color=&#8221;&#8221; css=&#8221;.vc_custom_1581629863509{background-color: #3a3138 !important;}&#8221;][vc_column][stm_spacer height=&#8221;493&#8243;][\/vc_column][\/vc_row][vc_row full_width=&#8221;stretch_row&#8221; shadow_x_offset=&#8221;0&#8243; shadow_y_offset=&#8221;0&#8243; shadow_blur=&#8221;0&#8243; shadow_spread=&#8221;0&#8243; shadow_color=&#8221;&#8221; css=&#8221;.vc_custom_1581629877121{padding-bottom: 34px !important;background-image: url(https:\/\/lalagunagalapagoshotel.com\/es\/wp-content\/uploads\/sites\/3\/2020\/02\/Menu6.jpg?id=1592) !important;background-position: 0 0 !important;background-repeat: repeat !important;}&#8221; el_class=&#8221;fixed_bg&#8221;][vc_column shadow_x_offset=&#8221;0&#8243; shadow_y_offset=&#8221;0&#8243; shadow_blur=&#8221;0&#8243; shadow_spread=&#8221;0&#8243; shadow_color=&#8221;&#8221; css=&#8221;.vc_custom_1538651803192{margin-top: -440px !important;}&#8221;][vc_icon icon_fontawesome=&#8221;stmicon-haircut&#8221; color=&#8221;white&#8221; align=&#8221;center&#8221; css=&#8221;.vc_custom_1538651827994{margin-bottom: 10px !important;}&#8221;][vc_column_text css=&#8221;.vc_custom_1581016468222{margin-bottom: 21px !important;}&#8221;]\n<h2 style=\"text-align: center;\"><span style=\"color: #ffffff;\">Habitaciones del hotel <\/span><\/h2>\n[\/vc_column_text][stm_wp_hotelier_rooms_list per_page=&#8221;12&#8243; custom_class=&#8221;white_nav&#8221; rooms_types=&#8221;25&#8243;][\/vc_column][\/vc_row][\/vc_section][vc_section css=&#8221;.vc_custom_1581632291755{padding-top: 0px !important;background-color: #ffffff !important;}&#8221;][vc_row full_width=&#8221;stretch_row&#8221; shadow_x_offset=&#8221;0&#8243; shadow_y_offset=&#8221;0&#8243; shadow_blur=&#8221;0&#8243; shadow_spread=&#8221;0&#8243; shadow_color=&#8221;&#8221; css=&#8221;.vc_custom_1537940056087{background-position: 0 0 !important;background-repeat: repeat !important;}&#8221;][vc_column width=&#8221;1\/4&#8243; shadow_x_offset=&#8221;0&#8243; shadow_y_offset=&#8221;0&#8243; shadow_blur=&#8221;0&#8243; shadow_spread=&#8221;0&#8243; shadow_color=&#8221;&#8221;][\/vc_column][vc_column width=&#8221;1\/2&#8243; shadow_x_offset=&#8221;0&#8243; shadow_y_offset=&#8221;0&#8243; shadow_blur=&#8221;0&#8243; shadow_spread=&#8221;0&#8243; shadow_color=&#8221;&#8221;][stm_spacer height=&#8221;123&#8243; height_tablet=&#8221;100&#8243; height_mobile=&#8221;100&#8243;][vc_custom_heading text=&#8221;Por qu\u00e9 elegirnos&#8221; font_container=&#8221;tag:h2|text_align:center&#8221; use_theme_fonts=&#8221;yes&#8221; heading_icon=&#8221;stmicon-haircut&#8221; heading_icon_color=&#8221;ttc&#8221;][vc_column_text css=&#8221;.vc_custom_1581016546275{margin-bottom: 0px !important;}&#8221;]\n<p style=\"text-align: center;\">Nuestras instalaciones cuentan con:<\/p>\n[\/vc_column_text][\/vc_column][vc_column width=&#8221;1\/4&#8243;][\/vc_column][\/vc_row][vc_row full_width=&#8221;stretch_row&#8221; shadow_x_offset=&#8221;0&#8243; shadow_y_offset=&#8221;0&#8243; shadow_blur=&#8221;0&#8243; shadow_spread=&#8221;0&#8243; shadow_color=&#8221;&#8221; css=&#8221;.vc_custom_1538030696169{padding-top: 50px !important;padding-bottom: 50px !important;}&#8221;][vc_column][vc_row_inner css=&#8221;.vc_custom_1538030529201{padding-bottom: 0px !important;}&#8221;][vc_column_inner width=&#8221;1\/4&#8243; shadow_x_offset=&#8221;0&#8243; shadow_y_offset=&#8221;0&#8243; shadow_blur=&#8221;0&#8243; shadow_spread=&#8221;0&#8243; offset=&#8221;vc_col-xs-6&#8243;][stm_icon icon_color=&#8221;ttc&#8221; icon_align=&#8221;center&#8221; height=&#8221;80&#8243; icon_styled_bg=&#8221;enable&#8221; icon=&#8221;stmicon-hotel-internet&#8221;][vc_custom_heading text=&#8221;INTERNET&#8221; font_container=&#8221;tag:h6|text_align:center&#8221; use_theme_fonts=&#8221;yes&#8221;][stm_spacer height=&#8221;20&#8243;][\/vc_column_inner][vc_column_inner width=&#8221;1\/4&#8243; shadow_x_offset=&#8221;0&#8243; shadow_y_offset=&#8221;0&#8243; shadow_blur=&#8221;0&#8243; shadow_spread=&#8221;0&#8243; offset=&#8221;vc_col-xs-6&#8243;][stm_icon icon_color=&#8221;ttc&#8221; icon_align=&#8221;center&#8221; height=&#8221;80&#8243; icon_styled_bg=&#8221;enable&#8221; icon=&#8221;stmicon-hotel-drinks&#8221;][vc_custom_heading text=&#8221;COCTELES&#8221; font_container=&#8221;tag:h6|text_align:center&#8221; use_theme_fonts=&#8221;yes&#8221;][stm_spacer height=&#8221;20&#8243;][\/vc_column_inner][vc_column_inner width=&#8221;1\/4&#8243; shadow_x_offset=&#8221;0&#8243; shadow_y_offset=&#8221;0&#8243; shadow_blur=&#8221;0&#8243; shadow_spread=&#8221;0&#8243; offset=&#8221;vc_col-xs-6&#8243;][stm_icon icon_color=&#8221;ttc&#8221; icon_align=&#8221;center&#8221; height=&#8221;60&#8243; icon_styled_bg=&#8221;enable&#8221; icon=&#8221;stmicon-person&#8221;][vc_custom_heading text=&#8221;RECEPCI\u00d3N&#8221; font_container=&#8221;tag:h6|text_align:center&#8221; use_theme_fonts=&#8221;yes&#8221;][stm_spacer height=&#8221;20&#8243;][\/vc_column_inner][vc_column_inner width=&#8221;1\/4&#8243; shadow_x_offset=&#8221;0&#8243; shadow_y_offset=&#8221;0&#8243; shadow_blur=&#8221;0&#8243; shadow_spread=&#8221;0&#8243; offset=&#8221;vc_col-xs-6&#8243;][stm_icon icon_color=&#8221;ttc&#8221; icon_align=&#8221;center&#8221; height=&#8221;70&#8243; icon_styled_bg=&#8221;enable&#8221; icon=&#8221;stmicon-hotel-pool&#8221;][vc_custom_heading text=&#8221;PISCINA&#8221; font_container=&#8221;tag:h6|text_align:center&#8221; use_theme_fonts=&#8221;yes&#8221;][stm_spacer height=&#8221;20&#8243;][\/vc_column_inner][\/vc_row_inner][vc_row_inner][vc_column_inner width=&#8221;1\/4&#8243; shadow_x_offset=&#8221;0&#8243; shadow_y_offset=&#8221;0&#8243; shadow_blur=&#8221;0&#8243; shadow_spread=&#8221;0&#8243; offset=&#8221;vc_col-xs-6&#8243;][stm_icon icon_color=&#8221;ttc&#8221; icon_align=&#8221;center&#8221; height=&#8221;80&#8243; icon_styled_bg=&#8221;enable&#8221; icon=&#8221;stmicon-photo_camera&#8221;][vc_custom_heading text=&#8221;\u00c1REA DE FOTOGRAF\u00cdA&#8221; font_container=&#8221;tag:h6|text_align:center&#8221; use_theme_fonts=&#8221;yes&#8221;][stm_spacer height=&#8221;20&#8243;][\/vc_column_inner][vc_column_inner width=&#8221;1\/4&#8243; shadow_x_offset=&#8221;0&#8243; shadow_y_offset=&#8221;0&#8243; shadow_blur=&#8221;0&#8243; shadow_spread=&#8221;0&#8243; shadow_color=&#8221;&#8221; offset=&#8221;vc_col-xs-6&#8243;][stm_icon icon_color=&#8221;ttc&#8221; icon_align=&#8221;center&#8221; height=&#8221;65&#8243; icon_styled_bg=&#8221;enable&#8221; icon=&#8221;stmicon-hotel-laundry&#8221;][vc_custom_heading text=&#8221;LAVANDER\u00cdA&#8221; font_container=&#8221;tag:h6|text_align:center&#8221; use_theme_fonts=&#8221;yes&#8221;][stm_spacer height=&#8221;20&#8243;][\/vc_column_inner][vc_column_inner width=&#8221;1\/4&#8243; shadow_x_offset=&#8221;0&#8243; shadow_y_offset=&#8221;0&#8243; shadow_blur=&#8221;0&#8243; shadow_spread=&#8221;0&#8243; offset=&#8221;vc_col-xs-6&#8243;][stm_icon icon_color=&#8221;ttc&#8221; icon_align=&#8221;center&#8221; height=&#8221;66&#8243; icon_styled_bg=&#8221;enable&#8221; icon=&#8221;stmicon-hotel-restaurant&#8221;][vc_custom_heading text=&#8221;RESTAURANTE&#8221; font_container=&#8221;tag:h6|text_align:center&#8221; use_theme_fonts=&#8221;yes&#8221;][stm_spacer height=&#8221;20&#8243;][\/vc_column_inner][vc_column_inner width=&#8221;1\/4&#8243; shadow_x_offset=&#8221;0&#8243; shadow_y_offset=&#8221;0&#8243; shadow_blur=&#8221;0&#8243; shadow_spread=&#8221;0&#8243; offset=&#8221;vc_col-xs-6&#8243;][stm_icon icon_color=&#8221;ttc&#8221; icon_align=&#8221;center&#8221; height=&#8221;78&#8243; icon_styled_bg=&#8221;enable&#8221; icon=&#8221;stmicon-landscape&#8221;][vc_custom_heading text=&#8221;PAISAJES&#8221; font_container=&#8221;tag:h6|text_align:center&#8221; use_theme_fonts=&#8221;yes&#8221;][stm_spacer height=&#8221;20&#8243;][\/vc_column_inner][\/vc_row_inner][\/vc_column][\/vc_row][\/vc_section][vc_section full_width=&#8221;stretch_row&#8221; css=&#8221;.vc_custom_1581631964103{padding-top: 0px !important;background-color: #ffffff !important;}&#8221;][vc_row full_width=&#8221;stretch_row&#8221; shadow_x_offset=&#8221;0&#8243; shadow_y_offset=&#8221;0&#8243; shadow_blur=&#8221;0&#8243; shadow_spread=&#8221;0&#8243; shadow_color=&#8221;&#8221; css=&#8221;.vc_custom_1537940056087{background-position: 0 0 !important;background-repeat: repeat !important;}&#8221;][vc_column width=&#8221;1\/4&#8243; shadow_x_offset=&#8221;0&#8243; shadow_y_offset=&#8221;0&#8243; shadow_blur=&#8221;0&#8243; shadow_spread=&#8221;0&#8243; shadow_color=&#8221;&#8221;][\/vc_column][vc_column width=&#8221;1\/2&#8243;][stm_spacer height=&#8221;118&#8243; height_tablet=&#8221;100&#8243; height_mobile=&#8221;100&#8243;][vc_custom_heading text=&#8221;GALER\u00cdA&#8221; font_container=&#8221;tag:h2|text_align:center|color:%23ffffff&#8221; use_theme_fonts=&#8221;yes&#8221; css=&#8221;.vc_custom_1581016788117{margin-bottom: 45px !important;}&#8221; heading_icon=&#8221;stmicon-haircut&#8221; heading_icon_color=&#8221;mtc&#8221;][\/vc_column][vc_column width=&#8221;1\/4&#8243;][\/vc_column][\/vc_row][vc_row][vc_column][stm_carousel_gallery images_effect=&#8221;0&#8243; lightgallery=&#8221;disable&#8221; images_margin=&#8221;30&#8243; autoscroll=&#8221;disable&#8221; thumbnails=&#8221;disable&#8221; visibility=&#8221;enable&#8221; description=&#8221;disable&#8221; images=&#8221;1582,1583,1584,1585,1586&#8243; image_size=&#8221;1170&#215;660&#8243;][\/vc_column][\/vc_row][\/vc_section][vc_section css=&#8221;.vc_custom_1581629241762{background-image: url(https:\/\/lalagunagalapagoshotel.com\/es\/wp-content\/uploads\/sites\/3\/2020\/02\/Menu4.jpg?id=1588) !important;background-position: 0 0 !important;background-repeat: repeat !important;}&#8221; el_class=&#8221;fixed_bg&#8221;][vc_row][vc_column][stm_spacer height=&#8221;99&#8243; height_tablet=&#8221;70&#8243; height_mobile=&#8221;50&#8243;][vc_custom_heading text=&#8221;Rese\u00f1as de Clientes&#8221; font_container=&#8221;tag:h2|text_align:center&#8221; use_theme_fonts=&#8221;yes&#8221; heading_icon=&#8221;stmicon-haircut&#8221; heading_icon_color=&#8221;ttc&#8221;][stm_spacer height=&#8221;40&#8243; height_tablet=&#8221;30&#8243; height_mobile=&#8221;20&#8243;][\/vc_column][\/vc_row][vc_row][vc_column][stm_testimonials number_row=&#8221;2&#8243; margin=&#8221;50&#8243; bullets=&#8221;false&#8221; img_size=&#8221;80&#215;80&#8243; number=&#8221;6&#8243;][stm_spacer height=&#8221;82&#8243; height_tablet=&#8221;60&#8243; height_mobile=&#8221;50&#8243;][\/vc_column][\/vc_row][\/vc_section][vc_section css=&#8221;.vc_custom_1537946414736{margin-bottom: -60px !important;padding-top: 0px !important;}&#8221;][vc_row full_width=&#8221;stretch_row&#8221; shadow_x_offset=&#8221;0&#8243; shadow_y_offset=&#8221;0&#8243; shadow_blur=&#8221;0&#8243; shadow_spread=&#8221;0&#8243; shadow_color=&#8221;&#8221; css=&#8221;.vc_custom_1581629170995{background-image: url(https:\/\/lalagunagalapagoshotel.com\/es\/wp-content\/uploads\/sites\/3\/2020\/02\/back-final3.jpg?id=1587) !important;}&#8221; el_class=&#8221;fixed_bg&#8221;][vc_column css_animation=&#8221;none&#8221; shadow_x_offset=&#8221;0&#8243; shadow_y_offset=&#8221;0&#8243; shadow_blur=&#8221;0&#8243; shadow_spread=&#8221;0&#8243; shadow_color=&#8221;&#8221; offset=&#8221;vc_col-lg-offset-2 vc_col-lg-8 vc_col-md-offset-2 vc_col-md-8 vc_col-xs-12&#8243;][stm_spacer height=&#8221;188&#8243; height_tablet=&#8221;120&#8243; height_mobile=&#8221;110&#8243;][vc_custom_heading text=&#8221;RESERVA TEMPRANO &amp; AHORRA&#8221; font_container=&#8221;tag:h4|font_size:40|text_align:center|color:%23ffffff|line_height:60px&#8221; use_theme_fonts=&#8221;yes&#8221; css=&#8221;.vc_custom_1581016940702{margin-top: 10px !important;margin-bottom: 40px !important;}&#8221; heading_icon=&#8221;stmicon-haircut&#8221; heading_icon_color=&#8221;custom&#8221; heading_icon_custom_color=&#8221;#ffffff&#8221;][vc_column_text css=&#8221;.vc_custom_1581016966350{margin-bottom: 61px !important;}&#8221;]\n<p style=\"text-align: center;\"><span style=\"color: #ffffff;\">Obtenga las mejores ofertas en nuestra cuenta de reservas.<\/span><\/p>\n[\/vc_column_text][stm_button button_style=&#8221;outline&#8221; button_pos=&#8221;center&#8221; button_border_color_hover=&#8221;#fdb14f&#8221; button_bg_color_hover=&#8221;#fdb14f&#8221; button_text_color=&#8221;#ffffff&#8221; button_text_color_hover=&#8221;#ffffff&#8221; link=&#8221;url:https%3A%2F%2Fwww.booking.com%2Fhotel%2Fec%2Fla-laguna-galapagos.en.html%3Faid%3D1343543%26no_rooms%3D1%26group_adults%3D2|title:Book%20on%20booking.com|target:%20_blank|&#8221;][stm_spacer height=&#8221;142&#8243; height_tablet=&#8221;130&#8243; height_mobile=&#8221;70&#8243;][\/vc_column][\/vc_row][\/vc_section]\n<\/div>","protected":false},"excerpt":{"rendered":"<p>[vc_row full_width=&#8221;stretch_row&#8221; shadow_x_offset=&#8221;0&#8243; shadow_y_offset=&#8221;0&#8243; shadow_blur=&#8221;0&#8243; shadow_spread=&#8221;0&#8243; shadow_color=&#8221;&#8221; el_class=&#8221;overlap&#8221;][vc_column shadow_x_offset=&#8221;0&#8243; shadow_y_offset=&#8221;0&#8243; shadow_blur=&#8221;0&#8243; shadow_spread=&#8221;0&#8243; offset=&#8221;vc_col-lg-offset-1 vc_col-lg-10 vc_col-md-offset-1 vc_col-md-10 vc_col-xs-12&#8243;][rev_slider_vc alias=&#8221;home1&#8243;][\/vc_column][\/vc_row][vc_section css=&#8221;.vc_custom_1581629294500{margin-top: -35px !important;background-image: url(https:\/\/lalagunagalapagoshotel.com\/es\/wp-content\/uploads\/sites\/3\/2020\/02\/Menu4.jpg?id=1588) !important;}&#8221; el_class=&#8221;fixed_bg&#8221;][vc_row full_width=&#8221;stretch_row&#8221; shadow_x_offset=&#8221;0&#8243; shadow_y_offset=&#8221;0&#8243; shadow_blur=&#8221;0&#8243; shadow_spread=&#8221;0&#8243; shadow_color=&#8221;&#8221; el_class=&#8221;overlap&#8221; css=&#8221;.vc_custom_1533026956511{margin-right: 0px !important;margin-left: 0px !important;padding-right: 15px !important;padding-left: 15px !important;}&#8221;][vc_column css_animation=&#8221;none&#8221; shadow_x_offset=&#8221;&#8221; shadow_y_offset=&#8221;&#8221; shadow_blur=&#8221;&#8221; shadow_spread=&#8221;&#8221; shadow_color=&#8221;&#8221; offset=&#8221;vc_col-lg-offset-0 vc_col-lg-12 vc_col-md-offset-0 vc_col-md-12 vc_col-xs-12&#8243; css=&#8221;.vc_custom_1538048195465{margin-top: -101px !important;}&#8221;][\/vc_column][\/vc_row][vc_row][vc_column][stm_spacer height=&#8221;124&#8243; [&hellip;]<\/p>\n","protected":false},"author":1,"featured_media":0,"parent":0,"menu_order":0,"comment_status":"closed","ping_status":"closed","template":"","meta":{"footnotes":""},"class_list":["post-206","page","type-page","status-publish","hentry"],"_links":{"self":[{"href":"https:\/\/lalagunagalapagoshotel.com\/es\/wp-json\/wp\/v2\/pages\/206","targetHints":{"allow":["GET"]}}],"collection":[{"href":"https:\/\/lalagunagalapagoshotel.com\/es\/wp-json\/wp\/v2\/pages"}],"about":[{"href":"https:\/\/lalagunagalapagoshotel.com\/es\/wp-json\/wp\/v2\/types\/page"}],"author":[{"embeddable":true,"href":"https:\/\/lalagunagalapagoshotel.com\/es\/wp-json\/wp\/v2\/users\/1"}],"replies":[{"embeddable":true,"href":"https:\/\/lalagunagalapagoshotel.com\/es\/wp-json\/wp\/v2\/comments?post=206"}],"version-history":[{"count":32,"href":"https:\/\/lalagunagalapagoshotel.com\/es\/wp-json\/wp\/v2\/pages\/206\/revisions"}],"predecessor-version":[{"id":1680,"href":"https:\/\/lalagunagalapagoshotel.com\/es\/wp-json\/wp\/v2\/pages\/206\/revisions\/1680"}],"wp:attachment":[{"href":"https:\/\/lalagunagalapagoshotel.com\/es\/wp-json\/wp\/v2\/media?parent=206"}],"curies":[{"name":"wp","href":"https:\/\/api.w.org\/{rel}","templated":true}]}}