{"id":1578,"date":"2020-02-13T21:12:02","date_gmt":"2020-02-13T21:12:02","guid":{"rendered":"https:\/\/lalagunagalapagoshotel.com\/es\/?page_id=1578"},"modified":"2020-02-13T21:22:15","modified_gmt":"2020-02-13T21:22:15","slug":"quienes-somos","status":"publish","type":"page","link":"https:\/\/lalagunagalapagoshotel.com\/es\/quienes-somos","title":{"rendered":"Qui\u00e9nes Somos"},"content":{"rendered":"<div class=\"wpb-content-wrapper\">[vc_section][vc_row][vc_column][stm_spacer height=&#8221;73&#8243; height_tablet=&#8221;60&#8243; height_mobile=&#8221;40&#8243;][vc_row_inner][vc_column_inner width=&#8221;1\/2&#8243;][vc_single_image image=&#8221;1580&#8243; img_size=&#8221;480&#215;650&#8243; style=&#8221;vc_box_shadow&#8221;][\/vc_column_inner][vc_column_inner width=&#8221;1\/2&#8243;][vc_custom_heading text=&#8221;Hotel La Laguna Gal\u00e1pagos&#8221; font_container=&#8221;tag:h3|font_size:35px|text_align:left|line_height:45px&#8221; use_theme_fonts=&#8221;yes&#8221; css=&#8221;.vc_custom_1581628318571{margin-top: 9px !important;margin-bottom: 27px !important;}&#8221;][vc_column_text css=&#8221;.vc_custom_1581628298231{margin-bottom: 52px !important;}&#8221;]Somos hoteleros expertos con m\u00e1s de 10 a\u00f1os prestando servicios a los aventureros que llegan a la Isla Isabela. El Hotel La Laguna Gal\u00e1pagos est\u00e1 situado en el coraz\u00f3n de Isabela, con una vista extraordinaria de la Laguna de Flamingos, el oc\u00e9ano, el Volc\u00e1n Sierra Negra y las Tierras Altas de Isabela, nuestros hu\u00e9spedes pueden disfrutar de comodidad y privacidad en un entorno natural.<\/p>\n<p>Estamos orgullosos de nuestros servicios tur\u00edsticos con actividades totalmente personalizadas descubriendo las islas encantadas, combinando excursiones a sitios tur\u00edsticos del Parque Nacional Gal\u00e1pagos con gu\u00edas naturalistas bilingues.<\/p>\n<p>Ofrecemos alojamiento en 7 habitaciones de clase turista superior, todas con ba\u00f1o privado y aire acondicionado.[\/vc_column_text][\/vc_column_inner][\/vc_row_inner][stm_spacer height=&#8221;59&#8243; height_tablet=&#8221;40&#8243; height_mobile=&#8221;40&#8243;][\/vc_column][\/vc_row][\/vc_section]\n<\/div>","protected":false},"excerpt":{"rendered":"<p>[vc_section][vc_row][vc_column][stm_spacer height=&#8221;73&#8243; height_tablet=&#8221;60&#8243; height_mobile=&#8221;40&#8243;][vc_row_inner][vc_column_inner width=&#8221;1\/2&#8243;][vc_single_image image=&#8221;1580&#8243; img_size=&#8221;480&#215;650&#8243; style=&#8221;vc_box_shadow&#8221;][\/vc_column_inner][vc_column_inner width=&#8221;1\/2&#8243;][vc_custom_heading text=&#8221;Hotel La Laguna Gal\u00e1pagos&#8221; font_container=&#8221;tag:h3|font_size:35px|text_align:left|line_height:45px&#8221; use_theme_fonts=&#8221;yes&#8221; css=&#8221;.vc_custom_1581628318571{margin-top: 9px !important;margin-bottom: 27px !important;}&#8221;][vc_column_text css=&#8221;.vc_custom_1581628298231{margin-bottom: 52px !important;}&#8221;]Somos hoteleros expertos con m\u00e1s de 10 a\u00f1os prestando servicios a los aventureros que llegan a la Isla Isabela. El Hotel La Laguna Gal\u00e1pagos est\u00e1 situado en el coraz\u00f3n de Isabela, con una [&hellip;]<\/p>\n","protected":false},"author":1,"featured_media":0,"parent":0,"menu_order":0,"comment_status":"closed","ping_status":"closed","template":"","meta":{"footnotes":""},"class_list":["post-1578","page","type-page","status-publish","hentry"],"_links":{"self":[{"href":"https:\/\/lalagunagalapagoshotel.com\/es\/wp-json\/wp\/v2\/pages\/1578","targetHints":{"allow":["GET"]}}],"collection":[{"href":"https:\/\/lalagunagalapagoshotel.com\/es\/wp-json\/wp\/v2\/pages"}],"about":[{"href":"https:\/\/lalagunagalapagoshotel.com\/es\/wp-json\/wp\/v2\/types\/page"}],"author":[{"embeddable":true,"href":"https:\/\/lalagunagalapagoshotel.com\/es\/wp-json\/wp\/v2\/users\/1"}],"replies":[{"embeddable":true,"href":"https:\/\/lalagunagalapagoshotel.com\/es\/wp-json\/wp\/v2\/comments?post=1578"}],"version-history":[{"count":2,"href":"https:\/\/lalagunagalapagoshotel.com\/es\/wp-json\/wp\/v2\/pages\/1578\/revisions"}],"predecessor-version":[{"id":1581,"href":"https:\/\/lalagunagalapagoshotel.com\/es\/wp-json\/wp\/v2\/pages\/1578\/revisions\/1581"}],"wp:attachment":[{"href":"https:\/\/lalagunagalapagoshotel.com\/es\/wp-json\/wp\/v2\/media?parent=1578"}],"curies":[{"name":"wp","href":"https:\/\/api.w.org\/{rel}","templated":true}]}}