{"id":1474,"date":"2020-02-12T21:11:58","date_gmt":"2020-02-12T21:11:58","guid":{"rendered":"https:\/\/lalagunagalapagoshotel.com\/es\/?page_id=1474"},"modified":"2020-02-13T20:58:53","modified_gmt":"2020-02-13T20:58:53","slug":"diving-experience","status":"publish","type":"page","link":"https:\/\/lalagunagalapagoshotel.com\/es\/experiencia-buceo-galapagos","title":{"rendered":"Experiencia de Buceo en Gal\u00e1pagos"},"content":{"rendered":"<div class=\"wpb-content-wrapper\">[vc_section css=&#8221;.vc_custom_1581088740155{padding-top: 0px !important;}&#8221;][vc_row][vc_column][stm_spacer height=&#8221;40&#8243; height_tablet=&#8221;30&#8243; height_mobile=&#8221;20&#8243;][\/vc_column][\/vc_row][vc_row][vc_column][vc_custom_heading text=&#8221;Experiencia de Buceo en Gal\u00e1pagos&#8221; font_container=&#8221;tag:h2|font_size:40px|text_align:center|line_height:47px&#8221; use_theme_fonts=&#8221;yes&#8221;][vc_column_text]\n<p style=\"text-align: justify;\"><strong>Nuestros tours de buceo en Gal\u00e1pagos<\/strong> son recorridos flexibles basados en tierra dise\u00f1ados para los amantes del buceo. Este tipo de viaje tiene dos modalidades que permitir\u00e1n a los viajeros construir sus itinerarios como desee.<\/p>\n<p style=\"text-align: justify;\">\u00a1Compru\u00e9balos y haznos saber para qu\u00e9 buscas! <strong>Podemos empezar cualquier d\u00eda de la semana.<\/strong><\/p>\n<p style=\"text-align: justify;\">La modalidad <strong>MULTI DAY DIVING TOURS<\/strong> organiza viajes centrados en el buceo basados en hoteles que se celebran durante 5, 6 y 8 d\u00edas. Estos incluir\u00e1n alojamiento en la clase de hotel de su elecci\u00f3n, desayuno, excursi\u00f3n de buceo de d\u00eda completo a diferentes lugares de las Gal\u00e1pagos, un gu\u00eda experto, transporte durante el programa y equipo b\u00e1sico de buceo.<\/p>\n<p style=\"text-align: justify;\">Estos tours se basan en <strong>Santa Cruz o en la Isla de San Crist\u00f3bal<\/strong>, dependiendo de los programas elegidos.<\/p>\n[\/vc_column_text][vc_custom_heading text=&#8221;Tours Especiales&#8221; font_container=&#8221;tag:h2|font_size:25px|text_align:center|line_height:47px&#8221; use_theme_fonts=&#8221;yes&#8221;][\/vc_column][\/vc_row][vc_row][vc_column][stm_spacer height=&#8221;80&#8243; height_tablet=&#8221;50&#8243; height_mobile=&#8221;30&#8243;][\/vc_column][\/vc_row][vc_row][vc_column width=&#8221;1\/3&#8243;][vc_single_image image=&#8221;1478&#8243; img_size=&#8221;350&#215;300&#8243; alignment=&#8221;center&#8221; style=&#8221;vc_box_rounded&#8221; onclick=&#8221;custom_link&#8221; link=&#8221;https:\/\/lalagunagalapagoshotel.com\/es\/5-dias-buceo-galapagos&#8221;][vc_column_text]\n<p style=\"text-align: center;\"><strong><a href=\"https:\/\/lalagunagalapagoshotel.com\/es\/5-dias-buceo-galapagos\">5 D\u00edas &#8211; Tour Buceo Gal\u00e1pagos<\/a><br \/>\n<\/strong><\/p>\n[\/vc_column_text][stm_spacer height=&#8221;30&#8243; height_tablet=&#8221;20&#8243; height_mobile=&#8221;10&#8243;][\/vc_column][vc_column width=&#8221;1\/3&#8243;][vc_single_image image=&#8221;1479&#8243; img_size=&#8221;350&#215;300&#8243; alignment=&#8221;center&#8221; style=&#8221;vc_box_rounded&#8221; onclick=&#8221;custom_link&#8221; link=&#8221;https:\/\/lalagunagalapagoshotel.com\/es\/6-dias-buceo-galapagos&#8221;][vc_column_text]\n<p style=\"text-align: center;\"><a href=\"https:\/\/lalagunagalapagoshotel.com\/es\/6-dias-buceo-galapagos\"><strong>6 D\u00edas &#8211; Tours Buceo Gal\u00e1pagos<br \/>\n<\/strong><\/a><\/p>\n[\/vc_column_text][stm_spacer height=&#8221;30&#8243; height_tablet=&#8221;20&#8243; height_mobile=&#8221;10&#8243;][\/vc_column][vc_column width=&#8221;1\/3&#8243;][vc_single_image image=&#8221;1480&#8243; img_size=&#8221;350&#215;300&#8243; alignment=&#8221;center&#8221; style=&#8221;vc_box_rounded&#8221; onclick=&#8221;custom_link&#8221; link=&#8221;https:\/\/lalagunagalapagoshotel.com\/es\/8-dias-buceo-galapagos&#8221;][vc_column_text]\n<p style=\"text-align: center;\"><a href=\"https:\/\/lalagunagalapagoshotel.com\/es\/8-dias-buceo-galapagos\"><strong>8 D\u00edas &#8211; Tour Buceo Gal\u00e1pagos<br \/>\n<\/strong><\/a><\/p>\n[\/vc_column_text][stm_spacer height=&#8221;30&#8243; height_tablet=&#8221;20&#8243; height_mobile=&#8221;10&#8243;][\/vc_column][\/vc_row][\/vc_section]\n<\/div>","protected":false},"excerpt":{"rendered":"<p>[vc_section css=&#8221;.vc_custom_1581088740155{padding-top: 0px !important;}&#8221;][vc_row][vc_column][stm_spacer height=&#8221;40&#8243; height_tablet=&#8221;30&#8243; height_mobile=&#8221;20&#8243;][\/vc_column][\/vc_row][vc_row][vc_column][vc_custom_heading text=&#8221;Experiencia de Buceo en Gal\u00e1pagos&#8221; font_container=&#8221;tag:h2|font_size:40px|text_align:center|line_height:47px&#8221; use_theme_fonts=&#8221;yes&#8221;][vc_column_text] Nuestros tours de buceo en Gal\u00e1pagos son recorridos flexibles basados en tierra dise\u00f1ados para los amantes del buceo. Este tipo de viaje tiene dos modalidades que permitir\u00e1n a los viajeros construir sus itinerarios como desee. \u00a1Compru\u00e9balos y haznos saber para qu\u00e9 [&hellip;]<\/p>\n","protected":false},"author":1,"featured_media":0,"parent":0,"menu_order":0,"comment_status":"closed","ping_status":"closed","template":"","meta":{"footnotes":""},"class_list":["post-1474","page","type-page","status-publish","hentry"],"_links":{"self":[{"href":"https:\/\/lalagunagalapagoshotel.com\/es\/wp-json\/wp\/v2\/pages\/1474","targetHints":{"allow":["GET"]}}],"collection":[{"href":"https:\/\/lalagunagalapagoshotel.com\/es\/wp-json\/wp\/v2\/pages"}],"about":[{"href":"https:\/\/lalagunagalapagoshotel.com\/es\/wp-json\/wp\/v2\/types\/page"}],"author":[{"embeddable":true,"href":"https:\/\/lalagunagalapagoshotel.com\/es\/wp-json\/wp\/v2\/users\/1"}],"replies":[{"embeddable":true,"href":"https:\/\/lalagunagalapagoshotel.com\/es\/wp-json\/wp\/v2\/comments?post=1474"}],"version-history":[{"count":6,"href":"https:\/\/lalagunagalapagoshotel.com\/es\/wp-json\/wp\/v2\/pages\/1474\/revisions"}],"predecessor-version":[{"id":1577,"href":"https:\/\/lalagunagalapagoshotel.com\/es\/wp-json\/wp\/v2\/pages\/1474\/revisions\/1577"}],"wp:attachment":[{"href":"https:\/\/lalagunagalapagoshotel.com\/es\/wp-json\/wp\/v2\/media?parent=1474"}],"curies":[{"name":"wp","href":"https:\/\/api.w.org\/{rel}","templated":true}]}}