{"id":1463,"date":"2020-02-12T20:56:22","date_gmt":"2020-02-12T20:56:22","guid":{"rendered":"https:\/\/lalagunagalapagoshotel.com\/es\/?page_id=1463"},"modified":"2020-02-13T20:10:34","modified_gmt":"2020-02-13T20:10:34","slug":"multi-sport-aventura","status":"publish","type":"page","link":"https:\/\/lalagunagalapagoshotel.com\/es\/multi-sport-aventura","title":{"rendered":"Multi-sport Aventura"},"content":{"rendered":"<div class=\"wpb-content-wrapper\">[vc_section css=&#8221;.vc_custom_1581088740155{padding-top: 0px !important;}&#8221;][vc_row][vc_column][stm_spacer height=&#8221;40&#8243; height_tablet=&#8221;30&#8243; height_mobile=&#8221;20&#8243;][\/vc_column][\/vc_row][vc_row][vc_column][vc_custom_heading text=&#8221;Multi-sport Aventura&#8221; font_container=&#8221;tag:h2|font_size:40px|text_align:center|line_height:47px&#8221; use_theme_fonts=&#8221;yes&#8221;][vc_column_text]\n<div class=\"wpb_text_column wpb_content_element \">\n<div class=\"wpb_wrapper\">\n<p><strong>Gal\u00e1pagos Adventure Tours y Multisport Tours<\/strong> son terrestres y est\u00e1n especialmente dise\u00f1ados para viajeros de aventura y entusiastas de los deportes. Estos itinerarios de viaje altamente activos incluyen actividades polideportivas como kayak, ciclismo, senderismo y snorkel con el incre\u00edble tel\u00f3n de fondo de las Islas Gal\u00e1pagos.<\/p>\n<p>Con\u00e9delo unas vacaciones expr\u00e9s con una aventura de 4 d\u00edas o una larga experiencia de viaje de 8 d\u00edas. \u00a1Hazte activo en las Islas Gal\u00e1pagos, haz un primer plano de la naturaleza y acercate a la comunidad local a trav\u00e9s de este viaje terrestre!<\/p>\n<p>Los lugares de visita incluyen la Laguna Flamingos en la Isla Isabela, las tierras altas de Isabela y su vegetaci\u00f3n \u00fanica, las incre\u00edbles Tortugas Gigantes de Gal\u00e1pagos, y no podemos dejar de lado una experiencia de snorkel en el islote Tintoreras y en fabulosos t\u00faneles del Cabo Rosa.<\/p>\n<p>\u00a1Haz de tu viaje a Gal\u00e1pagos un viaje activo! (Solicite m\u00e1s informaci\u00f3n a nuestros planificadores de viajes)<\/p>\n<p><strong>Actividades incluidas en Gal\u00e1pagos Adventure Tours:<\/strong><\/p>\n<ul>\n<li>Ciclismo<\/li>\n<li>Senderismo<\/li>\n<li>Kayak<\/li>\n<li>Bucear<\/li>\n<\/ul>\n<p>La incre\u00edble aventura de practicar deportes activos con el tel\u00f3n de fondo \u00fanico de la naturaleza en las Islas Gal\u00e1pagos es estimulante. Estos consejos est\u00e1n dise\u00f1ados para apoyar a la comunidad local (basada en tierra) y operar s\u00f3lo en \u00e1reas permitidas por el Parque Nacional Gal\u00e1pagos bajo la gu\u00eda de un gu\u00eda calificado. \u00a1Viajes aut\u00e9nticos y sostenibles!<\/p>\n<\/div>\n<\/div>\n[\/vc_column_text][vc_custom_heading text=&#8221;Tours Especiales&#8221; font_container=&#8221;tag:h2|font_size:25px|text_align:center|line_height:47px&#8221; use_theme_fonts=&#8221;yes&#8221;][\/vc_column][\/vc_row][vc_row][vc_column][stm_spacer height=&#8221;80&#8243; height_tablet=&#8221;50&#8243; height_mobile=&#8221;30&#8243;][\/vc_column][\/vc_row][vc_row][vc_column width=&#8221;1\/4&#8243;][vc_single_image image=&#8221;1466&#8243; img_size=&#8221;350&#215;300&#8243; alignment=&#8221;center&#8221; style=&#8221;vc_box_rounded&#8221; onclick=&#8221;custom_link&#8221; link=&#8221;https:\/\/lalagunagalapagoshotel.com\/es\/4-dias-multisport-galapagos&#8221;][vc_column_text]\n<p style=\"text-align: center;\"><a href=\"https:\/\/lalagunagalapagoshotel.com\/es\/4-dias-multisport-galapagos\"><strong>4 D\u00edas &#8211; Gal\u00e1pagos<\/strong><\/a><\/p>\n<p style=\"text-align: center;\"><a href=\"https:\/\/lalagunagalapagoshotel.com\/es\/4-dias-multisport-galapagos\">Tours de Aventura<\/a><\/p>\n[\/vc_column_text][stm_spacer height=&#8221;30&#8243; height_tablet=&#8221;20&#8243; height_mobile=&#8221;10&#8243;][\/vc_column][vc_column width=&#8221;1\/4&#8243;][vc_single_image image=&#8221;1467&#8243; img_size=&#8221;350&#215;300&#8243; alignment=&#8221;center&#8221; style=&#8221;vc_box_rounded&#8221; onclick=&#8221;custom_link&#8221; link=&#8221;https:\/\/lalagunagalapagoshotel.com\/es\/5-dias-multisport-galapagos&#8221;][vc_column_text]\n<p style=\"text-align: center;\"><strong><a href=\"https:\/\/lalagunagalapagoshotel.com\/es\/5-dias-multisport-galapagos\">5 D\u00edas &#8211; Gal\u00e1pagos<\/a><br \/>\n<\/strong><\/p>\n<p style=\"text-align: center;\"><a href=\"https:\/\/lalagunagalapagoshotel.com\/es\/5-dias-multisport-galapagos\">Tours de Aventura<\/a><\/p>\n[\/vc_column_text][stm_spacer height=&#8221;30&#8243; height_tablet=&#8221;20&#8243; height_mobile=&#8221;10&#8243;][\/vc_column][vc_column width=&#8221;1\/4&#8243;][vc_single_image image=&#8221;1468&#8243; img_size=&#8221;350&#215;300&#8243; alignment=&#8221;center&#8221; style=&#8221;vc_box_rounded&#8221; onclick=&#8221;custom_link&#8221; link=&#8221;https:\/\/lalagunagalapagoshotel.com\/es\/6-dias-multisport-galapagos&#8221;][vc_column_text]\n<p style=\"text-align: center;\"><strong><a href=\"https:\/\/lalagunagalapagoshotel.com\/es\/6-dias-multisport-galapagos\">6 D\u00edas &#8211; Gal\u00e1pagos<\/a><br \/>\n<\/strong><\/p>\n<p style=\"text-align: center;\"><a href=\"https:\/\/lalagunagalapagoshotel.com\/es\/6-dias-multisport-galapagos\">Tours de Aventura<\/a><\/p>\n[\/vc_column_text][stm_spacer height=&#8221;30&#8243; height_tablet=&#8221;20&#8243; height_mobile=&#8221;10&#8243;][\/vc_column][vc_column width=&#8221;1\/4&#8243;][vc_single_image image=&#8221;1469&#8243; img_size=&#8221;350&#215;300&#8243; alignment=&#8221;center&#8221; style=&#8221;vc_box_rounded&#8221; onclick=&#8221;custom_link&#8221; link=&#8221;https:\/\/lalagunagalapagoshotel.com\/es\/8-dias-multisport-galapagos&#8221;][vc_column_text]\n<p style=\"text-align: center;\"><strong><a href=\"https:\/\/lalagunagalapagoshotel.com\/es\/8-dias-multisport-galapagos\">8 D\u00edas &#8211; Gal\u00e1pagos<\/a><br \/>\n<\/strong><\/p>\n<p style=\"text-align: center;\"><a href=\"https:\/\/lalagunagalapagoshotel.com\/es\/8-dias-multisport-galapagos\">Tours de Aventura<\/a><\/p>\n[\/vc_column_text][stm_spacer height=&#8221;30&#8243; height_tablet=&#8221;20&#8243; height_mobile=&#8221;10&#8243;][\/vc_column][\/vc_row][\/vc_section]\n<\/div>","protected":false},"excerpt":{"rendered":"<p>[vc_section css=&#8221;.vc_custom_1581088740155{padding-top: 0px !important;}&#8221;][vc_row][vc_column][stm_spacer height=&#8221;40&#8243; height_tablet=&#8221;30&#8243; height_mobile=&#8221;20&#8243;][\/vc_column][\/vc_row][vc_row][vc_column][vc_custom_heading text=&#8221;Multi-sport Aventura&#8221; font_container=&#8221;tag:h2|font_size:40px|text_align:center|line_height:47px&#8221; use_theme_fonts=&#8221;yes&#8221;][vc_column_text] Gal\u00e1pagos Adventure Tours y Multisport Tours son terrestres y est\u00e1n especialmente dise\u00f1ados para viajeros de aventura y entusiastas de los deportes. Estos itinerarios de viaje altamente activos incluyen actividades polideportivas como kayak, ciclismo, senderismo y snorkel con el incre\u00edble tel\u00f3n de fondo de las [&hellip;]<\/p>\n","protected":false},"author":1,"featured_media":0,"parent":0,"menu_order":0,"comment_status":"closed","ping_status":"closed","template":"","meta":{"footnotes":""},"class_list":["post-1463","page","type-page","status-publish","hentry"],"_links":{"self":[{"href":"https:\/\/lalagunagalapagoshotel.com\/es\/wp-json\/wp\/v2\/pages\/1463","targetHints":{"allow":["GET"]}}],"collection":[{"href":"https:\/\/lalagunagalapagoshotel.com\/es\/wp-json\/wp\/v2\/pages"}],"about":[{"href":"https:\/\/lalagunagalapagoshotel.com\/es\/wp-json\/wp\/v2\/types\/page"}],"author":[{"embeddable":true,"href":"https:\/\/lalagunagalapagoshotel.com\/es\/wp-json\/wp\/v2\/users\/1"}],"replies":[{"embeddable":true,"href":"https:\/\/lalagunagalapagoshotel.com\/es\/wp-json\/wp\/v2\/comments?post=1463"}],"version-history":[{"count":8,"href":"https:\/\/lalagunagalapagoshotel.com\/es\/wp-json\/wp\/v2\/pages\/1463\/revisions"}],"predecessor-version":[{"id":1566,"href":"https:\/\/lalagunagalapagoshotel.com\/es\/wp-json\/wp\/v2\/pages\/1463\/revisions\/1566"}],"wp:attachment":[{"href":"https:\/\/lalagunagalapagoshotel.com\/es\/wp-json\/wp\/v2\/media?parent=1463"}],"curies":[{"name":"wp","href":"https:\/\/api.w.org\/{rel}","templated":true}]}}