{"id":1456,"date":"2020-02-12T20:53:40","date_gmt":"2020-02-12T20:53:40","guid":{"rendered":"https:\/\/lalagunagalapagoshotel.com\/es\/?page_id=1456"},"modified":"2020-02-13T17:31:18","modified_gmt":"2020-02-13T17:31:18","slug":"oceano-galapagos","status":"publish","type":"page","link":"https:\/\/lalagunagalapagoshotel.com\/es\/oceano-galapagos","title":{"rendered":"Oc\u00e9ano Gal\u00e1pagos"},"content":{"rendered":"<div class=\"wpb-content-wrapper\">[vc_section css=&#8221;.vc_custom_1581088740155{padding-top: 0px !important;}&#8221;][vc_row][vc_column][stm_spacer height=&#8221;40&#8243; height_tablet=&#8221;30&#8243; height_mobile=&#8221;20&#8243;][\/vc_column][\/vc_row][vc_row][vc_column][vc_custom_heading text=&#8221;Oc\u00e9ano Gal\u00e1pagos&#8221; font_container=&#8221;tag:h2|font_size:40px|text_align:center|line_height:47px&#8221; use_theme_fonts=&#8221;yes&#8221;][vc_column_text]\n<p style=\"text-align: justify;\">Los programas Oceano Galapagos Travel Tour le permiten explorar completamente las Gal\u00e1pagos dentro de las posibilidades de un viaje basado en un hotel. El Itinerario Oceano incluye una excursi\u00f3n de d\u00eda completo a una isla m\u00e1s aparte de la isla de San Crist\u00f3bal (programa de 8 d\u00edas), Santa Cruz e Isabela.<\/p>\n<p style=\"text-align: justify;\">La mejor parte de Oceano Tour Packages es que permiten la posibilidad de elegir el n\u00famero total de islas que le gustar\u00eda visitar, las categor\u00edas de hoteles en los que le gustar\u00eda alojarse, e incluso el n\u00famero de d\u00edas para sus vacaciones.<\/p>\n<p style=\"text-align: justify;\">El programa Oceano es uno de los paquetes m\u00e1s buscados entre los tours de las Islas Gal\u00e1pagos porque es totalmente personalizable.<\/p>\n<p style=\"text-align: justify;\">Algunas actividades comunes del programa Oceano incluyen snorkeling, caminatas cortas, observaci\u00f3n de vida silvestre, navegaci\u00f3n, etc. Llevamos a personas de diferentes grupos de edad en nuestro tour, desde los ni\u00f1os mayores de tres a\u00f1os hasta los que tienen 60 a\u00f1os.<\/p>\n[\/vc_column_text][vc_custom_heading text=&#8221;Tours Cl\u00e1sicos Est\u00e1ndar&#8221; font_container=&#8221;tag:h2|font_size:25px|text_align:center|line_height:47px&#8221; use_theme_fonts=&#8221;yes&#8221;][\/vc_column][\/vc_row][vc_row][vc_column][stm_spacer height=&#8221;80&#8243; height_tablet=&#8221;50&#8243; height_mobile=&#8221;30&#8243;][\/vc_column][\/vc_row][vc_row][vc_column width=&#8221;1\/3&#8243;][vc_single_image image=&#8221;1457&#8243; img_size=&#8221;350&#215;300&#8243; alignment=&#8221;center&#8221; style=&#8221;vc_box_rounded&#8221; onclick=&#8221;custom_link&#8221; link=&#8221;https:\/\/lalagunagalapagoshotel.com\/es\/5-dias-programa-oceano&#8221;][vc_column_text]\n<p style=\"text-align: center;\"><a href=\"https:\/\/lalagunagalapagoshotel.com\/es\/5-dias-programa-oceano\"><strong>5 D\u00edas &#8211; Programa Oc\u00e9ano<\/strong><\/a><\/p>\n[\/vc_column_text][stm_spacer height=&#8221;30&#8243; height_tablet=&#8221;20&#8243; height_mobile=&#8221;10&#8243;][\/vc_column][vc_column width=&#8221;1\/3&#8243;][vc_single_image image=&#8221;1458&#8243; img_size=&#8221;350&#215;300&#8243; alignment=&#8221;center&#8221; style=&#8221;vc_box_rounded&#8221; onclick=&#8221;custom_link&#8221; link=&#8221;https:\/\/lalagunagalapagoshotel.com\/es\/6-dias-programa-oceano&#8221;][vc_column_text]\n<p style=\"text-align: center;\"><a href=\"https:\/\/lalagunagalapagoshotel.com\/es\/6-dias-programa-oceano\"><strong>6 D\u00edas &#8211; Programa Oc\u00e9ano<br \/>\n<\/strong><\/a><\/p>\n[\/vc_column_text][stm_spacer height=&#8221;30&#8243; height_tablet=&#8221;20&#8243; height_mobile=&#8221;10&#8243;][\/vc_column][vc_column width=&#8221;1\/3&#8243;][vc_single_image image=&#8221;1459&#8243; img_size=&#8221;350&#215;300&#8243; alignment=&#8221;center&#8221; style=&#8221;vc_box_rounded&#8221; onclick=&#8221;custom_link&#8221; link=&#8221;https:\/\/lalagunagalapagoshotel.com\/es\/8-dias-programa-oceano&#8221;][vc_column_text]\n<p style=\"text-align: center;\"><a href=\"https:\/\/lalagunagalapagoshotel.com\/es\/8-dias-programa-oceano\"><strong>8 D\u00edas &#8211; Programa Oc\u00e9ano<br \/>\n<\/strong><\/a><\/p>\n[\/vc_column_text][stm_spacer height=&#8221;30&#8243; height_tablet=&#8221;20&#8243; height_mobile=&#8221;10&#8243;][\/vc_column][\/vc_row][\/vc_section]\n<\/div>","protected":false},"excerpt":{"rendered":"<p>[vc_section css=&#8221;.vc_custom_1581088740155{padding-top: 0px !important;}&#8221;][vc_row][vc_column][stm_spacer height=&#8221;40&#8243; height_tablet=&#8221;30&#8243; height_mobile=&#8221;20&#8243;][\/vc_column][\/vc_row][vc_row][vc_column][vc_custom_heading text=&#8221;Oc\u00e9ano Gal\u00e1pagos&#8221; font_container=&#8221;tag:h2|font_size:40px|text_align:center|line_height:47px&#8221; use_theme_fonts=&#8221;yes&#8221;][vc_column_text] Los programas Oceano Galapagos Travel Tour le permiten explorar completamente las Gal\u00e1pagos dentro de las posibilidades de un viaje basado en un hotel. El Itinerario Oceano incluye una excursi\u00f3n de d\u00eda completo a una isla m\u00e1s aparte de la isla de San Crist\u00f3bal (programa [&hellip;]<\/p>\n","protected":false},"author":1,"featured_media":0,"parent":0,"menu_order":0,"comment_status":"closed","ping_status":"closed","template":"","meta":{"footnotes":""},"class_list":["post-1456","page","type-page","status-publish","hentry"],"_links":{"self":[{"href":"https:\/\/lalagunagalapagoshotel.com\/es\/wp-json\/wp\/v2\/pages\/1456","targetHints":{"allow":["GET"]}}],"collection":[{"href":"https:\/\/lalagunagalapagoshotel.com\/es\/wp-json\/wp\/v2\/pages"}],"about":[{"href":"https:\/\/lalagunagalapagoshotel.com\/es\/wp-json\/wp\/v2\/types\/page"}],"author":[{"embeddable":true,"href":"https:\/\/lalagunagalapagoshotel.com\/es\/wp-json\/wp\/v2\/users\/1"}],"replies":[{"embeddable":true,"href":"https:\/\/lalagunagalapagoshotel.com\/es\/wp-json\/wp\/v2\/comments?post=1456"}],"version-history":[{"count":8,"href":"https:\/\/lalagunagalapagoshotel.com\/es\/wp-json\/wp\/v2\/pages\/1456\/revisions"}],"predecessor-version":[{"id":1543,"href":"https:\/\/lalagunagalapagoshotel.com\/es\/wp-json\/wp\/v2\/pages\/1456\/revisions\/1543"}],"wp:attachment":[{"href":"https:\/\/lalagunagalapagoshotel.com\/es\/wp-json\/wp\/v2\/media?parent=1456"}],"curies":[{"name":"wp","href":"https:\/\/api.w.org\/{rel}","templated":true}]}}