{"id":1446,"date":"2020-02-12T20:32:50","date_gmt":"2020-02-12T20:32:50","guid":{"rendered":"https:\/\/lalagunagalapagoshotel.com\/es\/?page_id=1446"},"modified":"2020-03-03T22:09:19","modified_gmt":"2020-03-03T22:09:19","slug":"magia-de-isabela","status":"publish","type":"page","link":"https:\/\/lalagunagalapagoshotel.com\/es\/magicos-isabela","title":{"rendered":"Magia de Isabela"},"content":{"rendered":"<div class=\"wpb-content-wrapper\">[vc_section css=&#8221;.vc_custom_1581088740155{padding-top: 0px !important;}&#8221;][vc_row][vc_column][stm_spacer height=&#8221;40&#8243; height_tablet=&#8221;30&#8243; height_mobile=&#8221;20&#8243;][\/vc_column][\/vc_row][vc_row][vc_column][vc_custom_heading text=&#8221;Magico Isabela&#8221; font_container=&#8221;tag:h2|font_size:40px|text_align:center|line_height:47px&#8221; use_theme_fonts=&#8221;yes&#8221;][vc_column_text]\n<p style=\"text-align: justify;\"><strong>Magia de Isabela Galapagos<\/strong> land tours te lleva a Puerto Villamil \u2013 Isabela Island, donde puedes caminar por sus largas playas de arena blanca bordeadas de palmeras. Disfrute de la belleza esc\u00e9nica de varias lagunas de agua salobre frecuentadas por whimbrels, flamencos rosados, gallinules, zancos comunes y coletas de mejillas blancas.<\/p>\n<p style=\"text-align: justify;\">Los tours Magic of Isabela tambi\u00e9n incluyen una visita al cr\u00e1ter Chico y al Volc\u00e1n Sierra Negra, siendo este \u00faltimo el segundo cr\u00e1ter m\u00e1s grande del mundo (con un di\u00e1metro de 11km). Snorkeling y recorrer los Islotes Tintoreras, ubicados a 10 minutos de Puerto Villamil, que juega a albergar una gran variedad de vida silvestre y paisajes naturales.<\/p>\n[\/vc_column_text][vc_custom_heading text=&#8221;Tours Cl\u00e1sicos Est\u00e1ndar&#8221; font_container=&#8221;tag:h2|font_size:25px|text_align:center|line_height:47px&#8221; use_theme_fonts=&#8221;yes&#8221;][\/vc_column][\/vc_row][vc_row][vc_column][stm_spacer height=&#8221;80&#8243; height_tablet=&#8221;50&#8243; height_mobile=&#8221;30&#8243;][\/vc_column][\/vc_row][vc_row][vc_column width=&#8221;1\/3&#8243;][vc_single_image image=&#8221;1454&#8243; img_size=&#8221;350&#215;300&#8243; alignment=&#8221;center&#8221; style=&#8221;vc_box_rounded&#8221; onclick=&#8221;custom_link&#8221; link=&#8221;https:\/\/lalagunagalapagoshotel.com\/es\/4-dias-magia-solo-isabela&#8221;][vc_column_text]\n<p style=\"text-align: center;\"><a href=\"https:\/\/lalagunagalapagoshotel.com\/es\/4-dias-magia-isabela\"><strong>4 D\u00edas &#8211; Magicos de Isabela<br \/>\n<\/strong><\/a><\/p>\n<p style=\"text-align: center;\"><a href=\"https:\/\/lalagunagalapagoshotel.com\/es\/4-dias-magia-isabela\">(Solo Isabela)<\/a><\/p>\n[\/vc_column_text][stm_spacer height=&#8221;30&#8243; height_tablet=&#8221;20&#8243; height_mobile=&#8221;10&#8243;][\/vc_column][vc_column width=&#8221;1\/3&#8243;][vc_single_image image=&#8221;1453&#8243; img_size=&#8221;350&#215;300&#8243; alignment=&#8221;center&#8221; style=&#8221;vc_box_rounded&#8221; onclick=&#8221;custom_link&#8221; link=&#8221;https:\/\/lalagunagalapagoshotel.com\/es\/4-dias-magia-isabela-2-islas&#8221;][vc_column_text]\n<p style=\"text-align: center;\"><a href=\"https:\/\/lalagunagalapagoshotel.com\/es\/4-dias-magia-isabela-2-islas\"><strong>4 D\u00edas &#8211; Magicos de Isabela<br \/>\n<\/strong><\/a><\/p>\n[\/vc_column_text][stm_spacer height=&#8221;30&#8243; height_tablet=&#8221;20&#8243; height_mobile=&#8221;10&#8243;][\/vc_column][vc_column width=&#8221;1\/3&#8243;][vc_single_image image=&#8221;1452&#8243; img_size=&#8221;350&#215;300&#8243; alignment=&#8221;center&#8221; style=&#8221;vc_box_rounded&#8221; onclick=&#8221;custom_link&#8221; link=&#8221;https:\/\/lalagunagalapagoshotel.com\/es\/5-dias-magia-isabela&#8221;][vc_column_text]\n<p style=\"text-align: center;\"><a href=\"https:\/\/lalagunagalapagoshotel.com\/es\/5-dias-magia-isabela\"><strong>5 D\u00edas &#8211; Magicos de Isabela<br \/>\n<\/strong><\/a><\/p>\n[\/vc_column_text][stm_spacer height=&#8221;30&#8243; height_tablet=&#8221;20&#8243; height_mobile=&#8221;10&#8243;][\/vc_column][\/vc_row][vc_row][vc_column width=&#8221;1\/2&#8243;][vc_single_image image=&#8221;1451&#8243; img_size=&#8221;350&#215;300&#8243; alignment=&#8221;center&#8221; style=&#8221;vc_box_rounded&#8221; onclick=&#8221;custom_link&#8221; link=&#8221;https:\/\/lalagunagalapagoshotel.com\/es\/6-dias-magia-isabela&#8221;][vc_column_text]\n<p style=\"text-align: center;\"><a href=\"https:\/\/lalagunagalapagoshotel.com\/es\/6-dias-magia-isabela\"><strong>6 D\u00edas &#8211; Magicos de Isabela<br \/>\n<\/strong><\/a><\/p>\n[\/vc_column_text][stm_spacer height=&#8221;30&#8243; height_tablet=&#8221;20&#8243; height_mobile=&#8221;10&#8243;][\/vc_column][vc_column width=&#8221;1\/2&#8243;][vc_single_image image=&#8221;1450&#8243; img_size=&#8221;350&#215;300&#8243; alignment=&#8221;center&#8221; style=&#8221;vc_box_rounded&#8221; onclick=&#8221;custom_link&#8221; link=&#8221;https:\/\/lalagunagalapagoshotel.com\/es\/8-dias-magia-isabela&#8221;][vc_column_text]\n<p style=\"text-align: center;\"><a href=\"https:\/\/lalagunagalapagoshotel.com\/es\/8-dias-magia-isabela\"><strong>8 D\u00edas &#8211; Magicos de Isabela<\/strong><\/a><\/p>\n[\/vc_column_text][stm_spacer height=&#8221;30&#8243; height_tablet=&#8221;20&#8243; height_mobile=&#8221;10&#8243;][\/vc_column][\/vc_row][\/vc_section]\n<\/div>","protected":false},"excerpt":{"rendered":"<p>[vc_section css=&#8221;.vc_custom_1581088740155{padding-top: 0px !important;}&#8221;][vc_row][vc_column][stm_spacer height=&#8221;40&#8243; height_tablet=&#8221;30&#8243; height_mobile=&#8221;20&#8243;][\/vc_column][\/vc_row][vc_row][vc_column][vc_custom_heading text=&#8221;Magico Isabela&#8221; font_container=&#8221;tag:h2|font_size:40px|text_align:center|line_height:47px&#8221; use_theme_fonts=&#8221;yes&#8221;][vc_column_text] Magia de Isabela Galapagos land tours te lleva a Puerto Villamil \u2013 Isabela Island, donde puedes caminar por sus largas playas de arena blanca bordeadas de palmeras. Disfrute de la belleza esc\u00e9nica de varias lagunas de agua salobre frecuentadas por whimbrels, flamencos rosados, gallinules, [&hellip;]<\/p>\n","protected":false},"author":1,"featured_media":0,"parent":0,"menu_order":0,"comment_status":"closed","ping_status":"closed","template":"","meta":{"footnotes":""},"class_list":["post-1446","page","type-page","status-publish","hentry"],"_links":{"self":[{"href":"https:\/\/lalagunagalapagoshotel.com\/es\/wp-json\/wp\/v2\/pages\/1446","targetHints":{"allow":["GET"]}}],"collection":[{"href":"https:\/\/lalagunagalapagoshotel.com\/es\/wp-json\/wp\/v2\/pages"}],"about":[{"href":"https:\/\/lalagunagalapagoshotel.com\/es\/wp-json\/wp\/v2\/types\/page"}],"author":[{"embeddable":true,"href":"https:\/\/lalagunagalapagoshotel.com\/es\/wp-json\/wp\/v2\/users\/1"}],"replies":[{"embeddable":true,"href":"https:\/\/lalagunagalapagoshotel.com\/es\/wp-json\/wp\/v2\/comments?post=1446"}],"version-history":[{"count":13,"href":"https:\/\/lalagunagalapagoshotel.com\/es\/wp-json\/wp\/v2\/pages\/1446\/revisions"}],"predecessor-version":[{"id":1662,"href":"https:\/\/lalagunagalapagoshotel.com\/es\/wp-json\/wp\/v2\/pages\/1446\/revisions\/1662"}],"wp:attachment":[{"href":"https:\/\/lalagunagalapagoshotel.com\/es\/wp-json\/wp\/v2\/media?parent=1446"}],"curies":[{"name":"wp","href":"https:\/\/api.w.org\/{rel}","templated":true}]}}