{"id":1427,"date":"2020-02-07T15:46:18","date_gmt":"2020-02-07T15:46:18","guid":{"rendered":"https:\/\/lalagunagalapagoshotel.com\/es\/?page_id=1427"},"modified":"2020-02-14T21:08:08","modified_gmt":"2020-02-14T21:08:08","slug":"tours-galapagos","status":"publish","type":"page","link":"https:\/\/lalagunagalapagoshotel.com\/es\/tour-galapagos\/","title":{"rendered":"TOURS GAL\u00c1PAGOS"},"content":{"rendered":"<div class=\"wpb-content-wrapper\">[vc_row][vc_column][stm_spacer height=&#8221;40&#8243; height_tablet=&#8221;30&#8243; height_mobile=&#8221;20&#8243;][\/vc_column][\/vc_row][vc_row equal_height=&#8221;yes&#8221; content_placement=&#8221;middle&#8221; shadow_x_offset=&#8221;0&#8243; shadow_y_offset=&#8221;0&#8243; shadow_blur=&#8221;0&#8243; shadow_spread=&#8221;0&#8243;][vc_column width=&#8221;1\/3&#8243;][vc_custom_heading text=&#8221;Tours<br \/>\nen<br \/>\nGal\u00e1pagos&#8221; font_container=&#8221;tag:h2|font_size:40px|text_align:center|line_height:47px&#8221; use_theme_fonts=&#8221;yes&#8221;][\/vc_column][vc_column width=&#8221;2\/3&#8243;][vc_column_text]\n<p style=\"text-align: justify;\">Son paquetes de viaje terrestres flexibles del hotel Gal\u00e1pagos que le permiten explorar las\u00a0 Islas Gal\u00e1pagos.<\/p>\n<p style=\"text-align: justify;\">Con esta modalidad de viaje, puede tener un primer plano de la vida silvestre, disfrutar de itinerarios activos y esperar encuentros amistosos con la cultura local. Los tours basados en Gal\u00e1pagos Land son lo suficientemente flexibles como para comenzar <strong>cualquier d\u00eda de la semana.<\/strong><\/p>\n<p style=\"text-align: justify;\">Los tours de salto a la isla de Gal\u00e1pagos se dividen en tres modalidades:<\/p>\n[\/vc_column_text][\/vc_column][\/vc_row][vc_row][vc_column][stm_spacer height=&#8221;80&#8243; height_tablet=&#8221;50&#8243; height_mobile=&#8221;30&#8243;][\/vc_column][\/vc_row][vc_row][vc_column width=&#8221;1\/3&#8243;][vc_single_image image=&#8221;1438&#8243; img_size=&#8221;350&#215;250&#8243; alignment=&#8221;center&#8221; style=&#8221;vc_box_rounded&#8221; onclick=&#8221;link_image&#8221; css_animation=&#8221;none&#8221;][vc_column_text]\n<p style=\"text-align: center;\"><strong>Tours Cl\u00e1sicos Est\u00e1ndar<\/strong><\/p>\n<p style=\"text-align: center;\">Incluye nuestra <a href=\"https:\/\/lalagunagalapagoshotel.com\/es\/magicos-isabela\"><em><span style=\"color: #ff9900;\">Magia de Isabela<\/span><\/em><\/a> y <span style=\"color: #ff9900;\"><a style=\"color: #ff9900;\" href=\"https:\/\/lalagunagalapagoshotel.com\/es\/oceano-galapagos\"><em>Oc\u00e9ano Gal\u00e1pagos<\/em><\/a>.<\/span><\/p>\n[\/vc_column_text][stm_spacer height=&#8221;30&#8243; height_tablet=&#8221;20&#8243; height_mobile=&#8221;10&#8243;][\/vc_column][vc_column width=&#8221;1\/3&#8243;][vc_single_image image=&#8221;1439&#8243; img_size=&#8221;350&#215;250&#8243; alignment=&#8221;center&#8221; style=&#8221;vc_box_rounded&#8221; onclick=&#8221;link_image&#8221; css_animation=&#8221;none&#8221;][vc_column_text]\n<p style=\"text-align: center;\"><strong>Tours Especializados<\/strong><\/p>\n<p style=\"text-align: center;\">Incluye <a href=\"https:\/\/lalagunagalapagoshotel.com\/es\/multi-sport-aventura\"><em><span style=\"color: #ff9900;\">Multideporte de Aventura<\/span><\/em><\/a> y <span style=\"color: #ff9900;\"><a style=\"color: #ff9900;\" href=\"https:\/\/lalagunagalapagoshotel.com\/es\/experiencia-buceo-galapagos\"><em>Experiencia de Buceo en Gal\u00e1pagos.<\/em><\/a><\/span><\/p>\n[\/vc_column_text][stm_spacer height=&#8221;30&#8243; height_tablet=&#8221;20&#8243; height_mobile=&#8221;10&#8243;][\/vc_column][vc_column width=&#8221;1\/3&#8243;][vc_single_image image=&#8221;103&#8243; img_size=&#8221;350&#215;250&#8243; alignment=&#8221;center&#8221; style=&#8221;vc_box_rounded&#8221; onclick=&#8221;link_image&#8221; css_animation=&#8221;none&#8221;][vc_column_text]\n<p style=\"text-align: center;\"><strong>Otros Tours de Modalidad<\/strong><\/p>\n<p style=\"text-align: center;\">Incluye <em>Gal\u00e1pagos Navigations Experience<\/em> &amp; <em>Galapagos Los Tuneles Tour<\/em>.<\/p>\n[\/vc_column_text][stm_spacer height=&#8221;30&#8243; height_tablet=&#8221;20&#8243; height_mobile=&#8221;10&#8243;][\/vc_column][\/vc_row][vc_row][vc_column][stm_spacer height=&#8221;20&#8243; height_tablet=&#8221;20&#8243; height_mobile=&#8221;10&#8243;][\/vc_column][\/vc_row][vc_row shadow_x_offset=&#8221;0&#8243; shadow_y_offset=&#8221;0&#8243; shadow_blur=&#8221;0&#8243; shadow_spread=&#8221;0&#8243;][vc_column width=&#8221;2\/3&#8243;][vc_column_text]\n<p style=\"text-align: center;\"><strong>Tours Basados en Hoteles en Gal\u00e1pagos<\/strong><\/p>\n<p style=\"text-align: center;\">Como parte del <strong>GRUPO SAN VICENTE HOTELS<\/strong>, <strong>La Laguna Galapagos Hotel<\/strong> ofrece muchos tours terrestres en Gal\u00e1pagos.<\/p>\n<p style=\"text-align: center;\">Para algunos programas utilizamos nuestros propios hoteles en Gal\u00e1pagos como:<\/p>\n[\/vc_column_text][vc_row_inner][vc_column_inner width=&#8221;1\/3&#8243;][vc_single_image image=&#8221;1497&#8243; img_size=&#8221;350&#215;250&#8243; alignment=&#8221;center&#8221; onclick=&#8221;link_image&#8221; css_animation=&#8221;none&#8221;][vc_column_text]\n<p style=\"text-align: center;\"><strong>La Laguna Galapagos Hotel <\/strong><\/p>\n<p style=\"text-align: center;\">(Clase Turista Superior)<\/p>\n[\/vc_column_text][stm_spacer height=&#8221;30&#8243; height_tablet=&#8221;20&#8243; height_mobile=&#8221;10&#8243;][\/vc_column_inner][vc_column_inner width=&#8221;1\/3&#8243;][vc_single_image image=&#8221;1496&#8243; img_size=&#8221;350&#215;250&#8243; alignment=&#8221;center&#8221; onclick=&#8221;link_image&#8221; css_animation=&#8221;none&#8221;][vc_column_text]\n<p style=\"text-align: center;\"><strong>San Vicente Galapagos Hotel<\/strong><\/p>\n<p style=\"text-align: center;\">(Clase Turista)<\/p>\n[\/vc_column_text][stm_spacer height=&#8221;30&#8243; height_tablet=&#8221;20&#8243; height_mobile=&#8221;10&#8243;][\/vc_column_inner][vc_column_inner width=&#8221;1\/3&#8243;][vc_single_image image=&#8221;1495&#8243; img_size=&#8221;350&#215;250&#8243; alignment=&#8221;center&#8221; onclick=&#8221;link_image&#8221; css_animation=&#8221;none&#8221;][vc_column_text]\n<p style=\"text-align: center;\"><strong>Hostal Villamil Gal\u00e1pagos<\/strong><\/p>\n<p style=\"text-align: center;\">(Clase Econ\u00f3mico)<\/p>\n[\/vc_column_text][stm_spacer height=&#8221;30&#8243; height_tablet=&#8221;20&#8243; height_mobile=&#8221;10&#8243;][\/vc_column_inner][\/vc_row_inner][vc_column_text]\n<p style=\"text-align: justify;\">Utilizamos los servicios locales en todos nuestros paquetes: gu\u00edas locales, hoteles alternativos, transporte y lanchas r\u00e1pidas locales con el fin de contribuir al turismo sostenible y preservar el medio ambiente y la econom\u00eda de la isla de Isabela.<\/p>\n[\/vc_column_text][\/vc_column][vc_column width=&#8221;1\/3&#8243; shadow_x_offset=&#8221;0&#8243; shadow_y_offset=&#8221;0&#8243; shadow_blur=&#8221;0&#8243; shadow_spread=&#8221;0&#8243; shadow_color=&#8221;&#8221;][vc_row_inner css=&#8221;.vc_custom_1581603942562{margin-right: 0px !important;margin-left: 0px !important;background-image: url(https:\/\/lalagunagalapagoshotel.com\/es\/wp-content\/uploads\/sites\/3\/2020\/02\/tours4-1.jpg?id=1494) !important;background-position: center !important;background-repeat: no-repeat !important;background-size: cover !important;}&#8221;][vc_column_inner][stm_spacer height=&#8221;500&#8243; height_tablet=&#8221;60&#8243; height_mobile=&#8221;40&#8243;][\/vc_column_inner][\/vc_row_inner][\/vc_column][\/vc_row][vc_row][vc_column][stm_spacer height=&#8221;70&#8243; height_tablet=&#8221;50&#8243; height_mobile=&#8221;30&#8243;][\/vc_column][\/vc_row]\n<\/div>","protected":false},"excerpt":{"rendered":"<p>[vc_row][vc_column][stm_spacer height=&#8221;40&#8243; height_tablet=&#8221;30&#8243; height_mobile=&#8221;20&#8243;][\/vc_column][\/vc_row][vc_row equal_height=&#8221;yes&#8221; content_placement=&#8221;middle&#8221; shadow_x_offset=&#8221;0&#8243; shadow_y_offset=&#8221;0&#8243; shadow_blur=&#8221;0&#8243; shadow_spread=&#8221;0&#8243;][vc_column width=&#8221;1\/3&#8243;][vc_custom_heading text=&#8221;Tours en Gal\u00e1pagos&#8221; font_container=&#8221;tag:h2|font_size:40px|text_align:center|line_height:47px&#8221; use_theme_fonts=&#8221;yes&#8221;][\/vc_column][vc_column width=&#8221;2\/3&#8243;][vc_column_text] Son paquetes de viaje terrestres flexibles del hotel Gal\u00e1pagos que le permiten explorar las\u00a0 Islas Gal\u00e1pagos. Con esta modalidad de viaje, puede tener un primer plano de la vida silvestre, disfrutar de itinerarios activos y esperar encuentros amistosos [&hellip;]<\/p>\n","protected":false},"author":1,"featured_media":0,"parent":0,"menu_order":0,"comment_status":"closed","ping_status":"closed","template":"","meta":{"footnotes":""},"class_list":["post-1427","page","type-page","status-publish","hentry"],"_links":{"self":[{"href":"https:\/\/lalagunagalapagoshotel.com\/es\/wp-json\/wp\/v2\/pages\/1427","targetHints":{"allow":["GET"]}}],"collection":[{"href":"https:\/\/lalagunagalapagoshotel.com\/es\/wp-json\/wp\/v2\/pages"}],"about":[{"href":"https:\/\/lalagunagalapagoshotel.com\/es\/wp-json\/wp\/v2\/types\/page"}],"author":[{"embeddable":true,"href":"https:\/\/lalagunagalapagoshotel.com\/es\/wp-json\/wp\/v2\/users\/1"}],"replies":[{"embeddable":true,"href":"https:\/\/lalagunagalapagoshotel.com\/es\/wp-json\/wp\/v2\/comments?post=1427"}],"version-history":[{"count":18,"href":"https:\/\/lalagunagalapagoshotel.com\/es\/wp-json\/wp\/v2\/pages\/1427\/revisions"}],"predecessor-version":[{"id":1501,"href":"https:\/\/lalagunagalapagoshotel.com\/es\/wp-json\/wp\/v2\/pages\/1427\/revisions\/1501"}],"wp:attachment":[{"href":"https:\/\/lalagunagalapagoshotel.com\/es\/wp-json\/wp\/v2\/media?parent=1427"}],"curies":[{"name":"wp","href":"https:\/\/api.w.org\/{rel}","templated":true}]}}