{"id":1408,"date":"2020-02-07T13:55:04","date_gmt":"2020-02-07T13:55:04","guid":{"rendered":"https:\/\/lalagunagalapagoshotel.com\/es\/?page_id=1408"},"modified":"2020-02-14T21:05:54","modified_gmt":"2020-02-14T21:05:54","slug":"instalaciones-2","status":"publish","type":"page","link":"https:\/\/lalagunagalapagoshotel.com\/es\/instalaciones\/","title":{"rendered":"INSTALACIONES"},"content":{"rendered":"<div class=\"wpb-content-wrapper\">[vc_row][vc_column][stm_spacer height=&#8221;40&#8243; height_tablet=&#8221;30&#8243; height_mobile=&#8221;20&#8243;][\/vc_column][\/vc_row][vc_row equal_height=&#8221;yes&#8221; content_placement=&#8221;middle&#8221; shadow_x_offset=&#8221;0&#8243; shadow_y_offset=&#8221;0&#8243; shadow_blur=&#8221;0&#8243; shadow_spread=&#8221;0&#8243;][vc_column width=&#8221;1\/3&#8243;][vc_custom_heading text=&#8221;La Laguna Hotel Gal\u00e1pagos Instalaciones y Servicios&#8221; font_container=&#8221;tag:h2|font_size:40px|text_align:center|line_height:47px&#8221; use_theme_fonts=&#8221;yes&#8221;][\/vc_column][vc_column width=&#8221;2\/3&#8243;][vc_column_text]La Laguna cuenta con un Bar &amp; Restaurant donde se preparan especialidades de la cocina tradicional Ecuatoriana y de Gal\u00e1pagos.<\/p>\n<p>La terraza del hotel ofrece un panorama espectacular de los cuatro puntos cardinales de Isabela: el mar, el Volc\u00e1n Sierra Negra, la Laguna de los Flamingos y la Parte Alta de Isabela. El hotel sumerge a los viajeros en los bellos y verdes paisajes de Isabela mientras se relajan con una bebida o un trago en el Jacuzzi. El hotel tambi\u00e9n cuenta con un \u00e1rea de parrillada y \u00e1reas de lectura y relax desde donde se puede observar la laguna de los flamingos frente al hotel.<\/p>\n<p>Entre las facilidades del hotel est\u00e1n:<\/p>\n<p>&#8211; Bar<\/p>\n<p>&#8211; Restaunrante<\/p>\n<p>&#8211; Terraza<\/p>\n<p>&#8211; \u00c1rea de BBQ<\/p>\n<p>&#8211; Jacuzzi<\/p>\n<p>&#8211; \u00c1rea de descanso y lectura<\/p>\n<p>&#8211; Servicio de limpieza diaria[\/vc_column_text][\/vc_column][\/vc_row][vc_row][vc_column][stm_spacer height=&#8221;80&#8243; height_tablet=&#8221;50&#8243; height_mobile=&#8221;30&#8243;][\/vc_column][\/vc_row][vc_row][vc_column width=&#8221;1\/3&#8243;][vc_single_image image=&#8221;1617&#8243; img_size=&#8221;370&#215;450&#8243; alignment=&#8221;center&#8221; onclick=&#8221;link_image&#8221; css_animation=&#8221;none&#8221;][stm_spacer height=&#8221;30&#8243; height_tablet=&#8221;20&#8243; height_mobile=&#8221;10&#8243;][\/vc_column][vc_column width=&#8221;1\/3&#8243;][vc_single_image image=&#8221;1615&#8243; img_size=&#8221;370&#215;450&#8243; alignment=&#8221;center&#8221; onclick=&#8221;link_image&#8221;][stm_spacer height=&#8221;30&#8243; height_tablet=&#8221;20&#8243; height_mobile=&#8221;10&#8243;][\/vc_column][vc_column width=&#8221;1\/3&#8243;][vc_single_image image=&#8221;1616&#8243; img_size=&#8221;370&#215;450&#8243; alignment=&#8221;center&#8221; onclick=&#8221;link_image&#8221;][stm_spacer height=&#8221;30&#8243; height_tablet=&#8221;20&#8243; height_mobile=&#8221;10&#8243;][\/vc_column][\/vc_row][vc_row][vc_column][stm_spacer height=&#8221;20&#8243; height_tablet=&#8221;20&#8243; height_mobile=&#8221;10&#8243;][\/vc_column][\/vc_row]\n<\/div>","protected":false},"excerpt":{"rendered":"<p>[vc_row][vc_column][stm_spacer height=&#8221;40&#8243; height_tablet=&#8221;30&#8243; height_mobile=&#8221;20&#8243;][\/vc_column][\/vc_row][vc_row equal_height=&#8221;yes&#8221; content_placement=&#8221;middle&#8221; shadow_x_offset=&#8221;0&#8243; shadow_y_offset=&#8221;0&#8243; shadow_blur=&#8221;0&#8243; shadow_spread=&#8221;0&#8243;][vc_column width=&#8221;1\/3&#8243;][vc_custom_heading text=&#8221;La Laguna Hotel Gal\u00e1pagos Instalaciones y Servicios&#8221; font_container=&#8221;tag:h2|font_size:40px|text_align:center|line_height:47px&#8221; use_theme_fonts=&#8221;yes&#8221;][\/vc_column][vc_column width=&#8221;2\/3&#8243;][vc_column_text]La Laguna cuenta con un Bar &amp; Restaurant donde se preparan especialidades de la cocina tradicional Ecuatoriana y de Gal\u00e1pagos. La terraza del hotel ofrece un panorama espectacular de los cuatro puntos cardinales de Isabela: [&hellip;]<\/p>\n","protected":false},"author":1,"featured_media":0,"parent":0,"menu_order":0,"comment_status":"closed","ping_status":"closed","template":"","meta":{"footnotes":""},"class_list":["post-1408","page","type-page","status-publish","hentry"],"_links":{"self":[{"href":"https:\/\/lalagunagalapagoshotel.com\/es\/wp-json\/wp\/v2\/pages\/1408","targetHints":{"allow":["GET"]}}],"collection":[{"href":"https:\/\/lalagunagalapagoshotel.com\/es\/wp-json\/wp\/v2\/pages"}],"about":[{"href":"https:\/\/lalagunagalapagoshotel.com\/es\/wp-json\/wp\/v2\/types\/page"}],"author":[{"embeddable":true,"href":"https:\/\/lalagunagalapagoshotel.com\/es\/wp-json\/wp\/v2\/users\/1"}],"replies":[{"embeddable":true,"href":"https:\/\/lalagunagalapagoshotel.com\/es\/wp-json\/wp\/v2\/comments?post=1408"}],"version-history":[{"count":6,"href":"https:\/\/lalagunagalapagoshotel.com\/es\/wp-json\/wp\/v2\/pages\/1408\/revisions"}],"predecessor-version":[{"id":1650,"href":"https:\/\/lalagunagalapagoshotel.com\/es\/wp-json\/wp\/v2\/pages\/1408\/revisions\/1650"}],"wp:attachment":[{"href":"https:\/\/lalagunagalapagoshotel.com\/es\/wp-json\/wp\/v2\/media?parent=1408"}],"curies":[{"name":"wp","href":"https:\/\/api.w.org\/{rel}","templated":true}]}}