{"id":1385,"date":"2020-02-06T21:34:12","date_gmt":"2020-02-06T21:34:12","guid":{"rendered":"https:\/\/lalagunagalapagoshotel.com\/es\/?page_id=1385"},"modified":"2020-02-14T21:04:18","modified_gmt":"2020-02-14T21:04:18","slug":"ubicacion","status":"publish","type":"page","link":"https:\/\/lalagunagalapagoshotel.com\/es\/ubicacion\/","title":{"rendered":"Ubicaci\u00f3n"},"content":{"rendered":"<div class=\"wpb-content-wrapper\">[vc_section][vc_row][vc_column][stm_spacer height=&#8221;73&#8243; height_tablet=&#8221;60&#8243; height_mobile=&#8221;40&#8243;][vc_row_inner][vc_column_inner width=&#8221;1\/2&#8243;][vc_single_image image=&#8221;92&#8243; img_size=&#8221;480&#215;650&#8243; style=&#8221;vc_box_shadow&#8221;][\/vc_column_inner][vc_column_inner width=&#8221;1\/2&#8243;][vc_custom_heading text=&#8221;La Laguna Gal\u00e1pagos Hotel<br \/>\nUbicaci\u00f3n&#8221; font_container=&#8221;tag:h3|font_size:35px|text_align:left|line_height:45px&#8221; use_theme_fonts=&#8221;yes&#8221; css=&#8221;.vc_custom_1581025012089{margin-top: 9px !important;margin-bottom: 27px !important;}&#8221;][vc_column_text css=&#8221;.vc_custom_1581025366733{margin-bottom: 52px !important;}&#8221;]<strong><em>La Laguna Gal\u00e1pagos Hotel esta convenientemente ubicado en Puerto Villamil en la isla Isabela<\/em><\/strong> la m\u00e1s grande del archipi\u00e9lago de G\u00e1lapagos. La bella Isabela est\u00e1 conformada por seis domos volc\u00e1nicos, entre estos, el Sierra Negra, uno de los volcanes activos m\u00e1s emblem\u00e1ticos de las islas.<\/p>\n<p>Isabela es tambi\u00e9n el hogar de una extensa variedad de especies end\u00e9micas y nativas de Gal\u00e1pagos tales como flamingos, tortugas gigantes, tiburones tintoreras, tiburones azules, piqueros de patas azules, lobos marinos, tortugas de mar, iguanas marinas, una gran variedad de vida marina.<\/p>\n<p>Puerto Villamil es \u00fanico puerto de Isabela, y es aqu\u00ed en donde se encuentra La Laguna. El hotel est\u00e1 ubicado justo en frente la laguna de los flamingos y solo a dos cuadras de la hermosa playa de arena blanca de Isabela.<\/p>\n[\/vc_column_text][\/vc_column_inner][\/vc_row_inner][stm_spacer height=&#8221;59&#8243; height_tablet=&#8221;40&#8243; height_mobile=&#8221;40&#8243;][\/vc_column][\/vc_row][\/vc_section][vc_section full_width=&#8221;stretch_row_content&#8221;][vc_row][vc_column][stm_spacer height=&#8221;119&#8243; height_tablet=&#8221;100&#8243; height_mobile=&#8221;80&#8243;][vc_custom_heading text=&#8221;C\u00f3mo llegar al hotel&#8221; font_container=&#8221;tag:h2|font_size:50px|text_align:center|line_height:60px&#8221; use_theme_fonts=&#8221;yes&#8221; heading_icon=&#8221;stmicon-haircut&#8221;][vc_column_text]Sugerimos a nuestros pasajeros hacer uso de nuestros servicios de traslado al hotel. Nuestro staff se har\u00eda cargo de hacer todos los arreglos necesarios para el transporte desde el aeropuerto de Baltra hasta el hotel.<\/p>\n<p>Si es que desea realizar los arreglos de transporte por su cuenta, por favor siga las siguientes instrucciones:[\/vc_column_text][stm_spacer height=&#8221;70&#8243; height_tablet=&#8221;50&#8243; height_mobile=&#8221;30&#8243;][\/vc_column][\/vc_row][vc_row full_width=&#8221;stretch_row_content_no_spaces&#8221; shadow_x_offset=&#8221;0&#8243; shadow_y_offset=&#8221;0&#8243; shadow_blur=&#8221;0&#8243; shadow_spread=&#8221;0&#8243;][vc_column width=&#8221;1\/4&#8243;][vc_hoverbox image=&#8221;1612&#8243; primary_title=&#8221;Desde el Aeropuerto de Baltra hacia Puerto Ayora (Isla Santa Cruz) en lancha a motor&#8221; hover_title=&#8221;&#8221; hover_background_color=&#8221;custom&#8221; hover_custom_background=&#8221;#000000&#8243;]<span style=\"color: #ffffff;\">Despu\u00e9s de aterrizar en el Aeropuerto de Baltra, se debe tomar un bus hasta el Canal de Itabaca ($5 por persona). Por favor aseg\u00farese de haber tomado el bus hacia el canal, no al muelle. Para cruzar el canal se debe tomar un ferry ($1 por persona).<\/span><\/p>\n<p><span style=\"color: #ffffff;\">Una vez que se cruza el canal, se debe tomar un bus o un taxi hacia Puerto Ayora. Durante el viaje se puede disfrutar del paisaje de la parte alta de Santa Cruz. (Distancia entre Baltra a Puerto Ayora: 26 millas o 42 km. 45 min. de viaje aproximadamente).<\/span><\/p>\n<p><span style=\"color: #ffffff;\">Al llegar a\u00a0<strong><em>Puerto Ayora<\/em><\/strong>, se debe caminar hacia el muelle y preguntar por tiketa para las lanchas que salen hacia Puerto Villamil (Isla Isabela). La lanchas salen todos los d\u00edas desde Puerto Ayora hacia Isabela solamente a las 14h00 y el viaje dura entre 2 a 2 horas y media ($35 US por persona \u2013 precio sujeto a cambio)<\/span><\/p>\n[\/vc_hoverbox][\/vc_column][vc_column width=&#8221;1\/4&#8243;][vc_hoverbox image=&#8221;1610&#8243; primary_title=&#8221;Desde el aeropuerto de Baltra en avi\u00f3n&#8221; hover_title=&#8221;&#8221; hover_background_color=&#8221;custom&#8221; hover_custom_background=&#8221;#000000&#8243;]\n<p><span style=\"color: #ffffff;\">Una vez que llegue al aeropuerto de Baltra y si usted tiene una reserva del boleto de avi\u00f3n hacia Isla Isabela hecha previamente, por favor dir\u00edjase al check-in en el mismo terminal. Para el vuelo hacia I<\/span><\/p>\n<p><span style=\"color: #ffffff;\">sabela se utiliza una avioneta. Las avionetas tienen 5 u 8 asientos disponibles por vuelo y el tiempo de vuelo es de 35 minutos aproximadamente.<\/span><\/p>\n<p><span style=\"color: #ffffff;\">Es importante que su vuelo de llegada a Baltra Airport y su vuelo de salida hacia Isabela est\u00e9n correctamente coordinados.<\/span><\/p>\n<p><span style=\"color: #ffffff;\"><strong>Nota<\/strong>: Podemos coordinar la reserva de los tickets en lancha o los boletos de avi\u00f3n conjuntamente con la reserva del hotel.<\/span><\/p>\n<p>&nbsp;<\/p>\n<p>&nbsp;<\/p>\n<p>&nbsp;<\/p>\n[\/vc_hoverbox][\/vc_column][vc_column width=&#8221;1\/4&#8243;][vc_hoverbox image=&#8221;1611&#8243; primary_title=&#8221;Desde Isla de San Crist\u00f3bal en avi\u00f3n&#8221; hover_title=&#8221;&#8221; hover_background_color=&#8221;custom&#8221; hover_custom_background=&#8221;#000000&#8243;]\n<p>&nbsp;<\/p>\n<p>&nbsp;<\/p>\n<p>&nbsp;<\/p>\n<p><span style=\"color: #ffffff;\">Una vez que llegue al aeropuerto de San Crist\u00f3bal y si usted tiene una reserva de avi\u00f3n realizada previamente, por favor dir\u00edjase al check-in en el mismo terminal. Los espacios en la avioneta es de 5 a 8 asientos por vuelo y la duraci\u00f3n del viaje es de 45 minutos.<\/span><\/p>\n<p>&nbsp;<\/p>\n<p>&nbsp;<\/p>\n<p>&nbsp;<\/p>\n<p>&nbsp;<\/p>\n<p>&nbsp;<\/p>\n[\/vc_hoverbox][\/vc_column][vc_column width=&#8221;1\/4&#8243;][vc_hoverbox image=&#8221;1609&#8243; primary_title=&#8221;Desde Isla de San Crist\u00f3bal en lancha r\u00e1pida&#8221; hover_title=&#8221;&#8221; hover_background_color=&#8221;custom&#8221; hover_custom_background=&#8221;#000000&#8243;]\n<p>&nbsp;<\/p>\n<p><span style=\"color: #ffffff;\">A su llegada a San Crist\u00f3bal, dir\u00edjase al muelle y donde se compran los tickets para la lancha a motor hacia Puerto Ayora, las lanchas a Puerto Ayora ( Isla Santa Cruz ) salen todos los d\u00edas a las 07:00 am . (35,00 USD por persona y por trayecto , sujeta a cambios sin previo aviso ). Una vez en Puerto Ayora se debe caminar hasta el muelle y para comprar un ticket para las lanchas hacia Puerto Villamil , las lanchas r\u00e1pidas a Puerto Villamil ( Isla Isabela ) s\u00f3lo salen desde la Isla Santa Cruz y salen todos los d\u00edas a las 14:00 pm ( 35,00 USD por persona \u2013 precio sujeta a cambio) .<\/span><\/p>\n<p>&nbsp;<\/p>\n<p>&nbsp;<\/p>\n<p>&nbsp;<\/p>\n[\/vc_hoverbox][\/vc_column][\/vc_row][vc_row][vc_column][stm_spacer height=&#8221;80&#8243; height_tablet=&#8221;60&#8243; height_mobile=&#8221;40&#8243;][\/vc_column][\/vc_row][\/vc_section]\n<\/div>","protected":false},"excerpt":{"rendered":"<p>[vc_section][vc_row][vc_column][stm_spacer height=&#8221;73&#8243; height_tablet=&#8221;60&#8243; height_mobile=&#8221;40&#8243;][vc_row_inner][vc_column_inner width=&#8221;1\/2&#8243;][vc_single_image image=&#8221;92&#8243; img_size=&#8221;480&#215;650&#8243; style=&#8221;vc_box_shadow&#8221;][\/vc_column_inner][vc_column_inner width=&#8221;1\/2&#8243;][vc_custom_heading text=&#8221;La Laguna Gal\u00e1pagos Hotel Ubicaci\u00f3n&#8221; font_container=&#8221;tag:h3|font_size:35px|text_align:left|line_height:45px&#8221; use_theme_fonts=&#8221;yes&#8221; css=&#8221;.vc_custom_1581025012089{margin-top: 9px !important;margin-bottom: 27px !important;}&#8221;][vc_column_text css=&#8221;.vc_custom_1581025366733{margin-bottom: 52px !important;}&#8221;]La Laguna Gal\u00e1pagos Hotel esta convenientemente ubicado en Puerto Villamil en la isla Isabela la m\u00e1s grande del archipi\u00e9lago de G\u00e1lapagos. La bella Isabela est\u00e1 conformada por seis domos volc\u00e1nicos, entre estos, [&hellip;]<\/p>\n","protected":false},"author":1,"featured_media":0,"parent":0,"menu_order":0,"comment_status":"closed","ping_status":"closed","template":"","meta":{"footnotes":""},"class_list":["post-1385","page","type-page","status-publish","hentry"],"_links":{"self":[{"href":"https:\/\/lalagunagalapagoshotel.com\/es\/wp-json\/wp\/v2\/pages\/1385","targetHints":{"allow":["GET"]}}],"collection":[{"href":"https:\/\/lalagunagalapagoshotel.com\/es\/wp-json\/wp\/v2\/pages"}],"about":[{"href":"https:\/\/lalagunagalapagoshotel.com\/es\/wp-json\/wp\/v2\/types\/page"}],"author":[{"embeddable":true,"href":"https:\/\/lalagunagalapagoshotel.com\/es\/wp-json\/wp\/v2\/users\/1"}],"replies":[{"embeddable":true,"href":"https:\/\/lalagunagalapagoshotel.com\/es\/wp-json\/wp\/v2\/comments?post=1385"}],"version-history":[{"count":20,"href":"https:\/\/lalagunagalapagoshotel.com\/es\/wp-json\/wp\/v2\/pages\/1385\/revisions"}],"predecessor-version":[{"id":1649,"href":"https:\/\/lalagunagalapagoshotel.com\/es\/wp-json\/wp\/v2\/pages\/1385\/revisions\/1649"}],"wp:attachment":[{"href":"https:\/\/lalagunagalapagoshotel.com\/es\/wp-json\/wp\/v2\/media?parent=1385"}],"curies":[{"name":"wp","href":"https:\/\/api.w.org\/{rel}","templated":true}]}}